{"id":15232,"date":"2026-01-27T11:19:55","date_gmt":"2026-01-27T10:19:55","guid":{"rendered":"https:\/\/acc.ueuromed.org\/alternatives-africaines-numero-2-octobre-2025\/"},"modified":"2026-01-27T11:24:34","modified_gmt":"2026-01-27T10:24:34","slug":"alternatives-africaines-numero-2-octobre-2025","status":"publish","type":"page","link":"https:\/\/acc.ueuromed.org\/en\/alternatives-africaines-numero-2-octobre-2025\/","title":{"rendered":"Alternatives Africaines, num\u00e9ro 2, Octobre 2025"},"content":{"rendered":"\t\t<div data-elementor-type=\"wp-page\" data-elementor-id=\"15232\" class=\"elementor elementor-15232\">\n\t\t\t\t        <section class=\"elementor-section elementor-top-section elementor-element elementor-element-15deea53 elementor-section-boxed elementor-section-height-default elementor-section-height-default exad-glass-effect-no exad-sticky-section-no ct-header-fixed-none ct-row-max-none\" data-id=\"15deea53\" data-element_type=\"section\" data-e-type=\"section\" data-settings=\"{&quot;background_background&quot;:&quot;classic&quot;}\">\n                            <div class=\"elementor-background-overlay\"><\/div>\n                \n                        <div class=\"elementor-container elementor-column-gap-default \">\n                    <div class=\"elementor-column elementor-col-16 elementor-top-column elementor-element elementor-element-39f84ac2 exad-glass-effect-no exad-sticky-section-no\" data-id=\"39f84ac2\" data-element_type=\"column\" data-e-type=\"column\">\n        <div class=\"elementor-widget-wrap\">\n                    \n                    <\/div>\n        <\/div>\n                <div class=\"elementor-column elementor-col-66 elementor-top-column elementor-element elementor-element-57ca4150 exad-glass-effect-no exad-sticky-section-no\" data-id=\"57ca4150\" data-element_type=\"column\" data-e-type=\"column\">\n        <div class=\"elementor-widget-wrap elementor-element-populated\">\n                    \n        \t\t<div class=\"elementor-element elementor-element-6fa779e animated-slow exad-sticky-section-no exad-glass-effect-no elementor-invisible elementor-widget elementor-widget-heading\" data-id=\"6fa779e\" data-element_type=\"widget\" data-e-type=\"widget\" data-settings=\"{&quot;_animation&quot;:&quot;fadeIn&quot;}\" data-widget_type=\"heading.default\">\n\t\t\t\t<div class=\"elementor-widget-container\">\n\t\t\t\t\t<h1 class=\"elementor-heading-title elementor-size-default\">Alternatives Africaines<br>num\u00e9ro 2, 2025 <\/h1>\t\t\t\t<\/div>\n\t\t\t\t<\/div>\n\t\t            <\/div>\n        <\/div>\n                <div class=\"elementor-column elementor-col-16 elementor-top-column elementor-element elementor-element-71808f10 exad-glass-effect-no exad-sticky-section-no\" data-id=\"71808f10\" data-element_type=\"column\" data-e-type=\"column\">\n        <div class=\"elementor-widget-wrap\">\n                    \n                    <\/div>\n        <\/div>\n                    <\/div>\n        <\/section>\n        <div class=\"elementor-element elementor-element-5866b2a4 e-flex e-con-boxed e-con e-parent\" data-id=\"5866b2a4\" data-element_type=\"container\" data-e-type=\"container\">\n\t\t\t\t\t<div class=\"e-con-inner\">\n\t\t<div class=\"elementor-element elementor-element-4dc1900b e-con-full e-flex e-con e-child\" data-id=\"4dc1900b\" data-element_type=\"container\" data-e-type=\"container\">\n\t\t<div class=\"elementor-element elementor-element-407d4c4b e-con-full e-flex e-con e-child\" data-id=\"407d4c4b\" data-element_type=\"container\" data-e-type=\"container\">\n\t\t\t\t<div class=\"elementor-element elementor-element-69233ec0 exad-sticky-section-no exad-glass-effect-no elementor-widget elementor-widget-ct_text_editor\" data-id=\"69233ec0\" data-element_type=\"widget\" data-e-type=\"widget\" data-widget_type=\"ct_text_editor.default\">\n\t\t\t\t<div class=\"elementor-widget-container\">\n\t\t\t\t\t<div id=\"ct_text_editor-69233ec0\" class=\"ct-text-editor \" data-wow-delay=\"ms\">\n\t<div class=\"ct-item--inner\">\n\t\t<div class=\"ct-inline-css\"  data-css=\"\n\t        \t\t\t\">\n\n\t    <\/div>\n\t\t<div class=\"ct-text-editor elementor-clearfix\">\n\t\t\t<h4 class=\"wp-block-heading has-text-align-center has-vivid-cyan-blue-color has-text-color has-link-color wp-elements-bee492043cea146cd1f75f4f47831925\" style=\"text-align: center\">Sommaire<\/h4><p>\u00a0<\/p><ul><li class=\"p1\"><b>Introduction : ia g\u00e9n\u00e9rative, mod\u00e8le massif de langage et impacts organisationnels<\/b><\/li><\/ul><p class=\"p2\"><i>Othmane Benmoussa<\/i><\/p><ul><li class=\"p1\"><b>Explorer la fracture num\u00e9rique en Afrique\u2009: Une netnographie des discours autour de l\u2019int\u00e9gration de l\u2019IA au Maroc<\/b><\/li><\/ul><p class=\"p2\"><i>Rachid Boudri, Badr Bentalha, Omar Benjelloun Andaloussi, Zakaria Abbass<\/i><\/p><ul><li class=\"p1\"><b>Artificial intelligence in enhancing customer experience in sustainable tourism in Morocco: challenges, opportunities, and perspectives<\/b><\/li><\/ul><p class=\"p2\"><i>Rachad Bendjedid Sanoussi, Omar Benjelloun Andaloussi, Mohamed Amine Marhraoui<\/i><\/p><ul><li class=\"p1\"><b>Technological determinants of AI adoption intention in Moroccan supply chains: A quantitative analysis<\/b><\/li><\/ul><p class=\"p2\"><i>Ouafa Barakat, Nouhayla Bouanba<\/i><\/p><ul><li class=\"p1\"><b>IA g\u00e9n\u00e9rative : entre compromis et prise de d\u00e9cision \u00e0 l\u2019echelle individuelle et entrepreneuriale<\/b><\/li><\/ul><p class=\"p5\"><i>Othmane Benmoussa<\/i><\/p><ul><li class=\"p1\"><b>E-health and mobile solutions for dementia care in Africa: past, present and future<\/b><\/li><\/ul><p class=\"p2\"><i>Mohamed Taiebine<\/i><\/p><ul><li class=\"p1\"><b>From barriers to adoption: how artificial intelligence (AI) challenges shape project management in Africa?<\/b><\/li><\/ul><p class=\"p2\"><i>Ouafa Barakat, Noura El Farissi<\/i><\/p><ul><li class=\"p1\"><b>Enhancing clinical competencies through AI-assisted simulation: an african perspective<\/b><\/li><\/ul><p class=\"p2\"><i>Mohamed Benfatah, Abdelghafour Marfak, Ilham Elazizi, Saad El Madani, Amal Boutib, Abderraouf Hilali, Ibtissam Youlyouz-Marfak<\/i><\/p><p class=\"p7\"><span class=\"s2\"><b>Varia<\/b><\/span><\/p><ul><li class=\"p1\"><b>(R)\u00e9tablir la confiance en mati\u00e8re d\u2019aide publique au d\u00e9veloppement<\/b><\/li><\/ul><p class=\"p2\"><i>Philippe Marchesin<\/i><\/p><ul><li class=\"p7\"><span class=\"s2\"><b>Analyses critiques<\/b><\/span><\/li><\/ul>\t\t\n\t\t<\/div>\n\t<\/div>\n<\/div>\t\t\t\t<\/div>\n\t\t\t\t<\/div>\n\t\t\t\t<\/div>\n\t\t\t\t<\/div>\n\t\t\t\t\t<\/div>\n\t\t\t\t<\/div>\n\t\t\t\t<\/div>\n\t\t","protected":false},"excerpt":{"rendered":"<p>Alternatives Africainesnum\u00e9ro 2, 2025 Sommaire \u00a0 Introduction : ia g\u00e9n\u00e9rative, mod\u00e8le massif de langage et impacts organisationnels Othmane Benmoussa Explorer la fracture num\u00e9rique en Afrique\u2009: Une netnographie des discours autour de l\u2019int\u00e9gration de l\u2019IA au Maroc Rachid Boudri, Badr Bentalha, Omar Benjelloun Andaloussi, Zakaria Abbass Artificial intelligence in enhancing customer experience in sustainable tourism in [&hellip;]<\/p>\n","protected":false},"author":1,"featured_media":0,"parent":0,"menu_order":0,"comment_status":"closed","ping_status":"closed","template":"","meta":{"postBodyCss":"","postBodyMargin":[],"postBodyPadding":[],"postBodyBackground":{"backgroundType":"classic","gradient":""},"cybocfi_hide_featured_image":"","footnotes":""},"class_list":["post-15232","page","type-page","status-publish","hentry"],"_links":{"self":[{"href":"https:\/\/acc.ueuromed.org\/en\/wp-json\/wp\/v2\/pages\/15232","targetHints":{"allow":["GET"]}}],"collection":[{"href":"https:\/\/acc.ueuromed.org\/en\/wp-json\/wp\/v2\/pages"}],"about":[{"href":"https:\/\/acc.ueuromed.org\/en\/wp-json\/wp\/v2\/types\/page"}],"author":[{"embeddable":true,"href":"https:\/\/acc.ueuromed.org\/en\/wp-json\/wp\/v2\/users\/1"}],"replies":[{"embeddable":true,"href":"https:\/\/acc.ueuromed.org\/en\/wp-json\/wp\/v2\/comments?post=15232"}],"version-history":[{"count":1,"href":"https:\/\/acc.ueuromed.org\/en\/wp-json\/wp\/v2\/pages\/15232\/revisions"}],"predecessor-version":[{"id":15233,"href":"https:\/\/acc.ueuromed.org\/en\/wp-json\/wp\/v2\/pages\/15232\/revisions\/15233"}],"wp:attachment":[{"href":"https:\/\/acc.ueuromed.org\/en\/wp-json\/wp\/v2\/media?parent=15232"}],"curies":[{"name":"wp","href":"https:\/\/api.w.org\/{rel}","templated":true}]}}