{"id":15230,"date":"2026-01-27T11:09:19","date_gmt":"2026-01-27T10:09:19","guid":{"rendered":"https:\/\/acc.ueuromed.org\/mediations-mediterraneennes-numero-2-2025\/"},"modified":"2026-01-27T11:24:19","modified_gmt":"2026-01-27T10:24:19","slug":"mediations-mediterraneennes-numero-2-2025","status":"publish","type":"page","link":"https:\/\/acc.ueuromed.org\/en\/mediations-mediterraneennes-numero-2-2025\/","title":{"rendered":"Mediations Mediterraneennes, Num\u00e9ro 2, 2025"},"content":{"rendered":"\t\t<div data-elementor-type=\"wp-page\" data-elementor-id=\"15230\" class=\"elementor elementor-15230\">\n\t\t\t\t        <section class=\"elementor-section elementor-top-section elementor-element elementor-element-249e05b3 elementor-section-boxed elementor-section-height-default elementor-section-height-default exad-glass-effect-no exad-sticky-section-no ct-header-fixed-none ct-row-max-none\" data-id=\"249e05b3\" data-element_type=\"section\" data-e-type=\"section\" data-settings=\"{&quot;background_background&quot;:&quot;classic&quot;}\">\n                            <div class=\"elementor-background-overlay\"><\/div>\n                \n                        <div class=\"elementor-container elementor-column-gap-default \">\n                    <div class=\"elementor-column elementor-col-16 elementor-top-column elementor-element elementor-element-6d35eb73 exad-glass-effect-no exad-sticky-section-no\" data-id=\"6d35eb73\" data-element_type=\"column\" data-e-type=\"column\">\n        <div class=\"elementor-widget-wrap\">\n                    \n                    <\/div>\n        <\/div>\n                <div class=\"elementor-column elementor-col-66 elementor-top-column elementor-element elementor-element-66c4ee70 exad-glass-effect-no exad-sticky-section-no\" data-id=\"66c4ee70\" data-element_type=\"column\" data-e-type=\"column\">\n        <div class=\"elementor-widget-wrap elementor-element-populated\">\n                    \n        \t\t<div class=\"elementor-element elementor-element-fc7cab1 animated-slow exad-sticky-section-no exad-glass-effect-no elementor-invisible elementor-widget elementor-widget-heading\" data-id=\"fc7cab1\" data-element_type=\"widget\" data-e-type=\"widget\" data-settings=\"{&quot;_animation&quot;:&quot;fadeIn&quot;}\" data-widget_type=\"heading.default\">\n\t\t\t\t<div class=\"elementor-widget-container\">\n\t\t\t\t\t<h1 class=\"elementor-heading-title elementor-size-default\">M\u00e9diations M\u00e9dit\u00e9rran\u00e9ennes<br> Num\u00e9ro 2, 2025<\/h1>\t\t\t\t<\/div>\n\t\t\t\t<\/div>\n\t\t            <\/div>\n        <\/div>\n                <div class=\"elementor-column elementor-col-16 elementor-top-column elementor-element elementor-element-70d82b44 exad-glass-effect-no exad-sticky-section-no\" data-id=\"70d82b44\" data-element_type=\"column\" data-e-type=\"column\">\n        <div class=\"elementor-widget-wrap\">\n                    \n                    <\/div>\n        <\/div>\n                    <\/div>\n        <\/section>\n        <div class=\"elementor-element elementor-element-535de359 e-flex e-con-boxed e-con e-parent\" data-id=\"535de359\" data-element_type=\"container\" data-e-type=\"container\">\n\t\t\t\t\t<div class=\"e-con-inner\">\n\t\t<div class=\"elementor-element elementor-element-6b22126c e-con-full e-flex e-con e-child\" data-id=\"6b22126c\" data-element_type=\"container\" data-e-type=\"container\">\n\t\t<div class=\"elementor-element elementor-element-72cf053b e-con-full e-flex e-con e-child\" data-id=\"72cf053b\" data-element_type=\"container\" data-e-type=\"container\">\n\t\t\t\t<div class=\"elementor-element elementor-element-e59def6 exad-sticky-section-no exad-glass-effect-no elementor-widget elementor-widget-ct_text_editor\" data-id=\"e59def6\" data-element_type=\"widget\" data-e-type=\"widget\" data-widget_type=\"ct_text_editor.default\">\n\t\t\t\t<div class=\"elementor-widget-container\">\n\t\t\t\t\t<div id=\"ct_text_editor-e59def6\" class=\"ct-text-editor \" data-wow-delay=\"ms\">\n\t<div class=\"ct-item--inner\">\n\t\t<div class=\"ct-inline-css\"  data-css=\"\n\t        \t\t\t\">\n\n\t    <\/div>\n\t\t<div class=\"ct-text-editor elementor-clearfix\">\n\t\t\t<h4 class=\"wp-block-heading has-text-align-center has-vivid-cyan-blue-color has-text-color has-link-color wp-elements-bee492043cea146cd1f75f4f47831925\" style=\"text-align: center\">Sommaire<\/h4><p><b>INTRODUCTION\u00a0<\/b><\/p><p class=\"p2\">Abderrahman Tenkoul<\/p><p class=\"p1\"><b>L\u2019influence de la M\u00e9diterran\u00e9e dans L\u2019Odyss\u00e9e de Nikos Kazantz\u00e1kis<\/b><\/p><p class=\"p2\">Noureddine Bousfiha<\/p><p class=\"p1\"><b>De la M\u00e9diterran\u00e9e dans l\u2019\u0153uvre de Jean-Philippe Toussaint : une \u00ab g\u00e9ographie de la m\u00e9moire \u00bb\u00a0<\/b><\/p><p class=\"p2\">Maria Giovanna Petrillo<\/p><p class=\"p1\"><b>Mati\u00e8re hammam<\/b><\/p><p class=\"p2\">Abdelkrim Chiguer<\/p><p class=\"p1\"><b>The Mediterranean Humanism of Albert Camus: <\/b><b>An Art for Living in Times of<span class=\"Apple-converted-space\">\u00a0 <\/span>Disaster<\/b><\/p><p class=\"p2\">Luis Arenas<\/p><p class=\"p1\"><b>Tahar Bekri, po\u00e8te de la M\u00e9diterran\u00e9e<\/b><\/p><p class=\"p2\">Mustapha Trabelsi<\/p><p class=\"p1\"><b>Jacques Fersen, Capri et la M\u00e9diterran\u00e9e<\/b><\/p><p class=\"p2\">Emilia Surmonte<\/p><p class=\"p1\"><b>Abdelk\u00e9bir Khatibi, penseur m\u00e9diterran\u00e9en<\/b><\/p><p class=\"p2\">Abderrahman Tenkoul<\/p><p class=\"p1\"><b>De\u2005la\u2005g\u00e9o-litt\u00e9rature\u2005\u00e0\u2005la\u2005g\u00e9o-litt\u00e9ralit\u00e9\u2009: la\u2005double\u2005M\u00e9diterran\u00e9e\u2005chez\u2005Yasmina\u2005Kadhra<\/b><\/p><p class=\"p2\">Lamia Ben Nacer<\/p><p class=\"p1\"><b>The Mediterranean Sea as a space of address<\/b><\/p><p class=\"p2\">Josep E. Corb\u00ed<\/p><p class=\"p1\"><b>De l\u2019invariant traductif en espace(s) m\u00e9diterran\u00e9en(s) Ou pour une Traducritique\u2026<\/b><\/p><p class=\"p2\">Abdelhai Sadiq, Wafa\u00e2 Benichou<\/p><p class=\"p1\"><b>Changement climatique, impuissance et responsabilit\u00e9 individuelle : en d\u00e9fense d\u2019une sensibilit\u00e9 m\u00e9diterran\u00e9enne <br \/>kal\u00e9idoscopique.<\/b><\/p><p class=\"p2\">Tejedor Chon<\/p><p class=\"p1\"><b>Cuisine, M\u00e9moire et \u00c9pist\u00e9m\u00e8 F\u00e9minine en M\u00e9diterran\u00e9e\u2009: Le Cas du Maroc entre H\u00e9ritage Andalou et Modernit\u00e9<\/b><\/p><p class=\"p2\">Majda NNIYA El Berda<\/p><p class=\"p1\"><b>Analyses critiques<\/b><\/p>\t\t\n\t\t<\/div>\n\t<\/div>\n<\/div>\t\t\t\t<\/div>\n\t\t\t\t<\/div>\n\t\t\t\t<\/div>\n\t\t\t\t<\/div>\n\t\t\t\t\t<\/div>\n\t\t\t\t<\/div>\n\t\t\t\t<\/div>\n\t\t","protected":false},"excerpt":{"rendered":"<p>M\u00e9diations M\u00e9dit\u00e9rran\u00e9ennes Num\u00e9ro 2, 2025 Sommaire INTRODUCTION\u00a0 Abderrahman Tenkoul L\u2019influence de la M\u00e9diterran\u00e9e dans L\u2019Odyss\u00e9e de Nikos Kazantz\u00e1kis Noureddine Bousfiha De la M\u00e9diterran\u00e9e dans l\u2019\u0153uvre de Jean-Philippe Toussaint : une \u00ab g\u00e9ographie de la m\u00e9moire \u00bb\u00a0 Maria Giovanna Petrillo Mati\u00e8re hammam Abdelkrim Chiguer The Mediterranean Humanism of Albert Camus: An Art for Living in Times [&hellip;]<\/p>\n","protected":false},"author":1,"featured_media":0,"parent":0,"menu_order":0,"comment_status":"closed","ping_status":"closed","template":"","meta":{"postBodyCss":"","postBodyMargin":[],"postBodyPadding":[],"postBodyBackground":{"backgroundType":"classic","gradient":""},"cybocfi_hide_featured_image":"","footnotes":""},"class_list":["post-15230","page","type-page","status-publish","hentry"],"_links":{"self":[{"href":"https:\/\/acc.ueuromed.org\/en\/wp-json\/wp\/v2\/pages\/15230","targetHints":{"allow":["GET"]}}],"collection":[{"href":"https:\/\/acc.ueuromed.org\/en\/wp-json\/wp\/v2\/pages"}],"about":[{"href":"https:\/\/acc.ueuromed.org\/en\/wp-json\/wp\/v2\/types\/page"}],"author":[{"embeddable":true,"href":"https:\/\/acc.ueuromed.org\/en\/wp-json\/wp\/v2\/users\/1"}],"replies":[{"embeddable":true,"href":"https:\/\/acc.ueuromed.org\/en\/wp-json\/wp\/v2\/comments?post=15230"}],"version-history":[{"count":1,"href":"https:\/\/acc.ueuromed.org\/en\/wp-json\/wp\/v2\/pages\/15230\/revisions"}],"predecessor-version":[{"id":15231,"href":"https:\/\/acc.ueuromed.org\/en\/wp-json\/wp\/v2\/pages\/15230\/revisions\/15231"}],"wp:attachment":[{"href":"https:\/\/acc.ueuromed.org\/en\/wp-json\/wp\/v2\/media?parent=15230"}],"curies":[{"name":"wp","href":"https:\/\/api.w.org\/{rel}","templated":true}]}}