{"id":11899,"date":"2025-01-22T13:16:52","date_gmt":"2025-01-22T13:16:52","guid":{"rendered":"https:\/\/acc.ueuromed.org\/introduction-alternatives-africaines\/"},"modified":"2025-03-26T12:31:41","modified_gmt":"2025-03-26T12:31:41","slug":"introduction-alternatives-africaines","status":"publish","type":"page","link":"https:\/\/acc.ueuromed.org\/en\/introduction-alternatives-africaines\/","title":{"rendered":"INTRODUCTION ALTERNATIVES AFRICAINES"},"content":{"rendered":"\t\t<div data-elementor-type=\"wp-page\" data-elementor-id=\"11899\" class=\"elementor elementor-11899\">\n\t\t\t\t<div class=\"elementor-element elementor-element-2c96f1fa e-flex e-con-boxed e-con e-parent\" data-id=\"2c96f1fa\" data-element_type=\"container\" data-e-type=\"container\">\n\t\t\t\t\t<div class=\"e-con-inner\">\n\t\t\t\t<div class=\"elementor-element elementor-element-5f71d33b exad-sticky-section-no exad-glass-effect-no elementor-widget elementor-widget-ct_text_editor\" data-id=\"5f71d33b\" data-element_type=\"widget\" data-e-type=\"widget\" data-widget_type=\"ct_text_editor.default\">\n\t\t\t\t<div class=\"elementor-widget-container\">\n\t\t\t\t\t<div id=\"ct_text_editor-5f71d33b\" class=\"ct-text-editor \" data-wow-delay=\"ms\">\n\t<div class=\"ct-item--inner\">\n\t\t<div class=\"ct-inline-css\"  data-css=\"\n\t        \t\t\t\">\n\n\t    <\/div>\n\t\t<div class=\"ct-text-editor elementor-clearfix\">\n\t\t\t<h3 class=\"p1\" style=\"text-align: center\"><b>INTRODUCTION<\/b><\/h3><p>\u00a0<\/p><h6 class=\"p3\" style=\"text-align: center\"><em>ABDERRAHMANE HADDAD*<\/em><\/h6><p class=\"p5\"><span class=\"s1\"><i>Pourquoi Alternatives Africaines\u2009?<\/i><\/span><\/p><p class=\"p6\"><span class=\"s1\"><i>L&#8217;<\/i><\/span><span class=\"s1\">Afrique a connu ces derni\u00e8res d\u00e9cennies une \u00e9volution dynamique due \u00e0 plusieurs facteurs. En plus des ressources naturelles substantielles, dont regorge le continent, la croissance d\u00e9mographique et le dynamisme de la population africaine constituent un autre point d\u2019attrait pour l\u2019Afrique. Avec une population de 1,3 milliards de personnes, dont \u00e0 peu pr\u00e8s la moiti\u00e9 \u00e0 moins de 20 ans, et qui pourrait quadrupler d\u2019ici l\u2019an 2050, l\u2019Afrique est devenue LE march\u00e9 de demain. Cet essor ne pourrait qu\u2019attirer les convoitises des puissances mondiales voire \u00e9mergentes ces derni\u00e8res d\u00e9cennies. <\/span><\/p><p class=\"p7\"><span class=\"s1\">Mais c\u2019est peut-\u00eatre l\u00e0 que le b\u00e2t blesse. L\u2019Afrique a toujours \u00e9t\u00e9 con\u00e7ue et trait\u00e9e comme un objet d\u2019exploration, de convoitises, de colonisation et d\u2019exploitation. Elle est un objet plut\u00f4t qu\u2019un acteur. Dans certains esprits, c\u2019est essentiellement les prairies, les r\u00e9serves naturelles, les traditions ancestrales et la vie sauvage. Autant de st\u00e9r\u00e9otypes et d\u2019images fig\u00e9es qui ont fa\u00e7onn\u00e9 et rythm\u00e9 la conscience collective sur le continent \u00ab\u2009noir\u2009\u00bb.<\/span><\/p><p class=\"p7\"><span class=\"s1\">Mais l\u2019Afrique fait face en revanche \u00e0 d\u2019\u00e9normes enjeux, complexes et interconnect\u00e9s, sur fond de dynamiques politiques, ethniques, religieuses, tribales et culturelles. Ces enjeux, qui connaissent des imbrications locales, r\u00e9gionales et internationales, constituent une s\u00e9rieuse menace \u00e0 la paix et \u00e0 la stabilit\u00e9 du continent et un obstacle \u00e0 son d\u00e9veloppement \u00e9conomique et social. Parmi ces derniers, figure notamment la question des fronti\u00e8res, les conflits arm\u00e9s, instabilit\u00e9 politique et faiblesse des institutions, la menace terroriste et les groupes arm\u00e9s non \u00e9tatiques, la criminalit\u00e9 transnationale, les ing\u00e9rences et interventions \u00e9trang\u00e8res, les flux migratoires, le changement climatique et la s\u00e9curit\u00e9 alimentaire, les \u00e9pid\u00e9mies, etc. En outre, l\u2019Afrique est aussi appel\u00e9e \u00e0 r\u00e9pondre aux attentes l\u00e9gitimes de sa population en termes de d\u00e9mocratie, de libert\u00e9s individuelles et collectives, d\u2019\u00e9galit\u00e9, de d\u00e9veloppement durable et de dignit\u00e9.<\/span><\/p><p class=\"p7\"><span class=\"s1\">La r\u00e9solution de ces enjeux n\u00e9cessite une approche holistique et multidimensionnelle ainsi qu\u2019une coop\u00e9ration r\u00e9gionale et internationale. Pour comprendre l\u2019Afrique, qui reste un continent fascinant mais fort complexe, et saisir l\u2019importance et l\u2019ampleur de ces enjeux, les \u00e9tudes africaines constituent un champ acad\u00e9mique multidisciplinaire qui se consacre \u00e0 l\u2019exploration et \u00e0 la compr\u00e9hension de divers aspects de l\u2019Afrique, de sa culture, de son histoire, de ses soci\u00e9t\u00e9s, de ses langues, de son \u00e9conomie et de ses d\u00e9fis. Ce domaine qui englobe plusieurs disciplines, allant des sciences humaines et sociales et humaines aux sciences naturelles, jouent un r\u00f4le crucial dans la compr\u00e9hension approfondie de l\u2019Afrique, loin de tout d\u00e9terminisme et des st\u00e9r\u00e9otypes simplistes. Il contribue \u00e0 \u00e9clairer les politiques, \u00e0 sensibiliser le public aux v\u00e9ritables enjeux que connait l\u2019Afrique et \u00e0 contribuer aux efforts de d\u00e9veloppement durable sur le continent.<\/span><\/p><p class=\"p7\"><span class=\"s1\">L\u2019attrait que repr\u00e9sente l\u2019Afrique n\u2019a pas \u00e9chapp\u00e9 au Maroc, qui essaye de se positionner comme un acteur incontournable sur la sc\u00e8ne africaine et qui estime qu\u2019il y a une r\u00e9elle alternative \u00e0 la dynamique de conflits et de tensions, \u00e0 travers sa strat\u00e9gie de coop\u00e9ration, d\u2019\u00e9changes et de partenariats Sud-Sud avec l\u2019ensemble des pays africains. L\u2019int\u00e9r\u00eat que porte le royaume pour le continent africain et sa strat\u00e9gie africaine rev\u00eatent une dimension tr\u00e8s importante. Le Maroc a depuis toujours mis en avant son identit\u00e9 africaine. Une identit\u00e9 tr\u00e8s ancr\u00e9e dans la conscience collective marocaine, gr\u00e2ce aux liens g\u00e9ographiques, historiques, civilisationnels, spirituels et culturels, etc., que le royaume entretient avec l\u2019Afrique. En plus de la dimension politique et \u00e9conomique de sa politique \u00e9trang\u00e8re, le Maroc a mis en avant l\u2019importance qu\u2019il accorde aux \u00e9changes scientifiques et culturels comme facteur de paix, de coop\u00e9ration et de d\u00e9veloppement. C\u2019est dans cette optique que l\u2019Universit\u00e9 Euromed de F\u00e8s lance cette revue dont le nom est tr\u00e8s r\u00e9v\u00e9lateur, la Revue \u00ab\u2009<i>Alternatives Africaines<\/i>\u2009\u00bb, pour d\u00e9montrer le grand int\u00e9r\u00eat que portent le Maroc et notre Universit\u00e9 pour l\u2019Afrique et pour affirmer notre conviction qu\u2019il existe une r\u00e9elle alternative aux conflits, \u00e0 la pauvret\u00e9 et au sous-d\u00e9veloppement et un grand espoir dans un avenir meilleur.<\/span><\/p><p class=\"p7\"><span class=\"s1\">Devant les multiples d\u00e9fis, contraintes et perspectives qui se dressent sur la tumultueuse trajectoire de l\u2019Afrique vers un demain meilleur, le continent a plus que jamais besoin de concevoir son \u00e9tat et son devenir, de d\u00e9fricher de nouvelles pistes, d\u2019\u00e9laborer et de mettre en \u0153uvre des strat\u00e9gies r\u00e9fl\u00e9chies, r\u00e9alistes et r\u00e9alisables. Tous les acteurs sont alors sont alors appel\u00e9s \u00e0 apporter leur grain de sel et de ramer dans la m\u00eame direction. Il est temps de rendre l\u2019Afrique un acteur qui forge son destin au lieu de le simplement subir.<\/span><\/p><p class=\"p7\"><span class=\"s1\">Consacrer le premier num\u00e9ro de la revue \u00e0 la question de l\u2019enseignement sup\u00e9rieur en Afrique t\u00e9moigne de la conviction des responsables de l\u2019UEMF de l\u2019importance cruciale du r\u00f4le de l\u2019Universit\u00e9 et de la recherche scientifique dans tout processus de renaissance africaine et dans tout projet de d\u00e9veloppement \u00e9conomique, politique et social. C\u2019est ainsi que ce premier num\u00e9ro est riche en contributions faites par de belles plumes d\u2019universitaires africains et \u00e9trangers qui ont mis en avant \u00e0 la fois les d\u00e9fis et les perspectives de mise en place d\u2019un cadre universitaire qui serait adapt\u00e9 aux contraintes propres au continent et propice aux vell\u00e9it\u00e9s africaines de d\u00e9veloppement dans un monde plus \u00e9quilibr\u00e9, empreint des valeurs de partenariat, de collaboration et de reconnaissance mutuelle.<\/span><\/p><pre class=\"p1\"><span class=\"s1\">*\u2002Professeur \u00e0 l\u2019Universit\u00e9 Euromed de F\u00e8s, Directeur de l\u2019Institut des sciences juridiques et politiques<\/span><\/pre>\t\t\n\t\t<\/div>\n\t<\/div>\n<\/div>\t\t\t\t<\/div>\n\t\t\t\t<\/div>\n\t\t\t\t\t<\/div>\n\t\t\t\t<\/div>\n\t\t\t\t<\/div>\n\t\t","protected":false},"excerpt":{"rendered":"<p>INTRODUCTION \u00a0 ABDERRAHMANE HADDAD* Pourquoi Alternatives Africaines\u2009? L&rsquo;Afrique a connu ces derni\u00e8res d\u00e9cennies une \u00e9volution dynamique due \u00e0 plusieurs facteurs. En plus des ressources naturelles substantielles, dont regorge le continent, la croissance d\u00e9mographique et le dynamisme de la population africaine constituent un autre point d\u2019attrait pour l\u2019Afrique. Avec une population de 1,3 milliards de personnes, [&hellip;]<\/p>\n","protected":false},"author":1,"featured_media":0,"parent":0,"menu_order":0,"comment_status":"closed","ping_status":"closed","template":"","meta":{"postBodyCss":"","postBodyMargin":[],"postBodyPadding":[],"postBodyBackground":{"backgroundType":"classic","gradient":""},"cybocfi_hide_featured_image":"","footnotes":""},"class_list":["post-11899","page","type-page","status-publish","hentry"],"_links":{"self":[{"href":"https:\/\/acc.ueuromed.org\/en\/wp-json\/wp\/v2\/pages\/11899","targetHints":{"allow":["GET"]}}],"collection":[{"href":"https:\/\/acc.ueuromed.org\/en\/wp-json\/wp\/v2\/pages"}],"about":[{"href":"https:\/\/acc.ueuromed.org\/en\/wp-json\/wp\/v2\/types\/page"}],"author":[{"embeddable":true,"href":"https:\/\/acc.ueuromed.org\/en\/wp-json\/wp\/v2\/users\/1"}],"replies":[{"embeddable":true,"href":"https:\/\/acc.ueuromed.org\/en\/wp-json\/wp\/v2\/comments?post=11899"}],"version-history":[{"count":7,"href":"https:\/\/acc.ueuromed.org\/en\/wp-json\/wp\/v2\/pages\/11899\/revisions"}],"predecessor-version":[{"id":11909,"href":"https:\/\/acc.ueuromed.org\/en\/wp-json\/wp\/v2\/pages\/11899\/revisions\/11909"}],"wp:attachment":[{"href":"https:\/\/acc.ueuromed.org\/en\/wp-json\/wp\/v2\/media?parent=11899"}],"curies":[{"name":"wp","href":"https:\/\/api.w.org\/{rel}","templated":true}]}}