{"id":11891,"date":"2025-01-22T13:13:53","date_gmt":"2025-01-22T13:13:53","guid":{"rendered":"https:\/\/acc.ueuromed.org\/preface-alternatives-africaines\/"},"modified":"2025-03-26T12:28:14","modified_gmt":"2025-03-26T12:28:14","slug":"preface-alternatives-africaines","status":"publish","type":"page","link":"https:\/\/acc.ueuromed.org\/en\/preface-alternatives-africaines\/","title":{"rendered":"PR\u00c9FACE ALTERNATIVES AFRICAINES"},"content":{"rendered":"\t\t<div data-elementor-type=\"wp-page\" data-elementor-id=\"11891\" class=\"elementor elementor-11891\">\n\t\t\t\t<div class=\"elementor-element elementor-element-4ff5ff92 e-flex e-con-boxed e-con e-parent\" data-id=\"4ff5ff92\" data-element_type=\"container\" data-e-type=\"container\">\n\t\t\t\t\t<div class=\"e-con-inner\">\n\t\t\t\t<div class=\"elementor-element elementor-element-63c86f28 exad-sticky-section-no exad-glass-effect-no elementor-widget elementor-widget-text-editor\" data-id=\"63c86f28\" data-element_type=\"widget\" data-e-type=\"widget\" data-widget_type=\"text-editor.default\">\n\t\t\t\t<div class=\"elementor-widget-container\">\n\t\t\t\t\t\t\t\t\t\n<p><\/p>\n\n\n\n<p><\/p>\n\t\t\t\t\t\t\t\t<\/div>\n\t\t\t\t<\/div>\n\t\t\t\t\t<\/div>\n\t\t\t\t<\/div>\n\t\t<div class=\"elementor-element elementor-element-59072fb5 e-flex e-con-boxed e-con e-parent\" data-id=\"59072fb5\" data-element_type=\"container\" data-e-type=\"container\">\n\t\t\t\t\t<div class=\"e-con-inner\">\n\t\t\t\t<div class=\"elementor-element elementor-element-2ffc4630 exad-sticky-section-no exad-glass-effect-no elementor-widget elementor-widget-ct_text_editor\" data-id=\"2ffc4630\" data-element_type=\"widget\" data-e-type=\"widget\" data-widget_type=\"ct_text_editor.default\">\n\t\t\t\t<div class=\"elementor-widget-container\">\n\t\t\t\t\t<div id=\"ct_text_editor-2ffc4630\" class=\"ct-text-editor \" data-wow-delay=\"ms\">\n\t<div class=\"ct-item--inner\">\n\t\t<div class=\"ct-inline-css\"  data-css=\"\n\t        \t\t\t\">\n\n\t    <\/div>\n\t\t<div class=\"ct-text-editor elementor-clearfix\">\n\t\t\t<h3 class=\"p1\" style=\"text-align: center\"><b>PREFACE<\/b><\/h3>\n<p>\u00a0<\/p>\n<h6 class=\"p3\" style=\"text-align: center\"><em>MOSTAPHA BOUSMINA*<\/em><\/h6>\n<p class=\"p5\"><span class=\"s1\"><i>L&#8217;<\/i><\/span><span class=\"s1\">enracinement du Maroc dans le continent africain ne constitue pas seulement une r\u00e9alit\u00e9 g\u00e9ographique. Il est aussi et surtout d\u2019ordre social et culturel. Il rel\u00e8ve par cons\u00e9quent de l\u2019histoire et de l\u2019anthropologie. En t\u00e9moignent les grandes caravanes qui, bien avant le vingti\u00e8me si\u00e8cle, partaient du Sahara marocain jusqu\u2019\u00e0 Zanzibar en passant entre autres par Adrar et Tombouctou. Ce qui a non seulement permis d\u2019important \u00e9changes commerciaux, mais aussi de multiples brassages et diverses r\u00e9sonnances multiculturelles entre tribus nomades et s\u00e9dentaires. <\/span><\/p>\n<p class=\"p6\"><span class=\"s1\">Au regard de cette r\u00e9alit\u00e9, qui n\u2019a cess\u00e9 de s\u2019enrichir au fil des si\u00e8cles, le Maroc a toujours d\u00e9velopp\u00e9 \u00e0 l\u2019\u00e9gard des pays de son continent des rapports de coop\u00e9ration et de solidarit\u00e9 exemplaires fond\u00e9s sur le gain partag\u00e9 et le co-d\u00e9veloppement, \u00e9tant convaincu que leur avenir commun rel\u00e8ve en quelque sorte d\u2019un destin qui emprunte les m\u00eames chemins, parsem\u00e9s de d\u00e9fis et d\u2019ambitions.<\/span><\/p>\n<p class=\"p6\"><span class=\"s1\">Il est par cons\u00e9quent \u00e9vident que notre Universit\u00e9 devient en peu de temps un espace de formation pilote pour les \u00e9tudiants africains. Ils appartiennent \u00e0 plus de quarante-sept nationalit\u00e9s ceux qui y suivent aujourd\u2019hui leurs \u00e9tudes dans les diff\u00e9rents cursus disciplinaires. Ils seront demain des milliers de leaders charg\u00e9s de conduire leurs pays vers le d\u00e9veloppement et le progr\u00e8s. Ainsi notre Universit\u00e9 s\u2019attache sans rel\u00e2che \u00e0 mettre \u00e0 leur disposition, et \u00e0 l\u2019ensemble de sa composante estudiantine, les moyens n\u00e9cessaires \u00e0 l\u2019acquisition de comp\u00e9tences de haut niveau en termes de savoir et de savoir-faire. Car les d\u00e9fis du futur seront encore plus complexes que ceux de nos jours, et il importe de doter ces \u00e9tudiants d\u2019outils pratiques, heuristiques et cognitifs leur permettant de booster les capacit\u00e9s des intelligences et des performances dont ils auront besoin. <\/span><\/p>\n<p class=\"p6\"><span class=\"s1\">En plus de cet int\u00e9r\u00eat port\u00e9 \u00e0 la formation, qui constitue un facteur d\u2019attractivit\u00e9 pour de nombreux pays africains d\u00e9sireux de coop\u00e9rer dans ce domaine avec notre Universit\u00e9, la cr\u00e9ation de la revue, \u00ab\u2009<b>Alternatives africaines<\/b>\u2009\u00bb, se veut un organe d\u2019\u00e9tude totalement d\u00e9di\u00e9 aux questions et enjeux qui se posent en Afrique car, rappelons-le, celle-ci est en constante m\u00e9tamorphose dans de nombreux domaines, et exige par cons\u00e9quent des \u00e9clairages r\u00e9guliers et autant lucides que pertinents. Cette revue veut les mener par le biais des analyses fines qu\u2019elle propose, par les donn\u00e9es qu\u2019elle interroge, par les th\u00e8ses qu\u2019elle met en perspective, port\u00e9e en cela par un \u00e9lan d\u2019\u00e9lucidation le mieux possible des d\u00e9fis d\u2019avenir et des enjeux du pr\u00e9sent. <\/span><\/p>\n<p class=\"p6\"><span class=\"s1\">Elle aura ainsi \u00e0 se consacrer, comme dans cette premi\u00e8re livraison, \u00e0 des sujets souvent non suffisamment lus ou d\u00e9laiss\u00e9s par certaines approches de type sociologique, politique ou \u00e9conomique. Ce parti pris scientifique, inscrit dans la vision de notre Universit\u00e9 p\u00e9trie d\u2019objectivit\u00e9 et d\u2019esprit critique, est ce qui fera incontestablement de cette revue \u00e0 la fois un moyen d\u2019aide \u00e0 la d\u00e9cision et un levier de connaissance du futur. Aussi me dois-je de remercier vivement son R\u00e9dacteur en chef, M. Abderrahmane Haddad, ainsi que les enseignants-chercheurs et les techniciens qui se sont profond\u00e9ment investis dans sa r\u00e9alisation.<\/span><\/p>\n<pre class=\"p1\"><span class=\"s1\">*\u2002Pr\u00e9sident de l\u2019Universit\u00e9 Euromed de F\u00e8s<\/span><\/pre>\t\t\n\t\t<\/div>\n\t<\/div>\n<\/div>\t\t\t\t<\/div>\n\t\t\t\t<\/div>\n\t\t\t\t\t<\/div>\n\t\t\t\t<\/div>\n\t\t\t\t<\/div>\n\t\t","protected":false},"excerpt":{"rendered":"<p>PREFACE \u00a0 MOSTAPHA BOUSMINA* L&rsquo;enracinement du Maroc dans le continent africain ne constitue pas seulement une r\u00e9alit\u00e9 g\u00e9ographique. Il est aussi et surtout d\u2019ordre social et culturel. Il rel\u00e8ve par cons\u00e9quent de l\u2019histoire et de l\u2019anthropologie. En t\u00e9moignent les grandes caravanes qui, bien avant le vingti\u00e8me si\u00e8cle, partaient du Sahara marocain jusqu\u2019\u00e0 Zanzibar en passant [&hellip;]<\/p>\n","protected":false},"author":1,"featured_media":0,"parent":0,"menu_order":0,"comment_status":"closed","ping_status":"closed","template":"","meta":{"postBodyCss":"","postBodyMargin":[],"postBodyPadding":[],"postBodyBackground":{"backgroundType":"classic","gradient":""},"cybocfi_hide_featured_image":"","footnotes":""},"class_list":["post-11891","page","type-page","status-publish","hentry"],"_links":{"self":[{"href":"https:\/\/acc.ueuromed.org\/en\/wp-json\/wp\/v2\/pages\/11891","targetHints":{"allow":["GET"]}}],"collection":[{"href":"https:\/\/acc.ueuromed.org\/en\/wp-json\/wp\/v2\/pages"}],"about":[{"href":"https:\/\/acc.ueuromed.org\/en\/wp-json\/wp\/v2\/types\/page"}],"author":[{"embeddable":true,"href":"https:\/\/acc.ueuromed.org\/en\/wp-json\/wp\/v2\/users\/1"}],"replies":[{"embeddable":true,"href":"https:\/\/acc.ueuromed.org\/en\/wp-json\/wp\/v2\/comments?post=11891"}],"version-history":[{"count":7,"href":"https:\/\/acc.ueuromed.org\/en\/wp-json\/wp\/v2\/pages\/11891\/revisions"}],"predecessor-version":[{"id":11898,"href":"https:\/\/acc.ueuromed.org\/en\/wp-json\/wp\/v2\/pages\/11891\/revisions\/11898"}],"wp:attachment":[{"href":"https:\/\/acc.ueuromed.org\/en\/wp-json\/wp\/v2\/media?parent=11891"}],"curies":[{"name":"wp","href":"https:\/\/api.w.org\/{rel}","templated":true}]}}