{"id":11867,"date":"2025-01-22T13:32:49","date_gmt":"2025-01-22T13:32:49","guid":{"rendered":"https:\/\/acc.ueuromed.org\/preface-mediations-mediterraneennes\/"},"modified":"2025-03-26T11:47:13","modified_gmt":"2025-03-26T11:47:13","slug":"preface-mediations-mediterraneennes","status":"publish","type":"page","link":"https:\/\/acc.ueuromed.org\/en\/preface-mediations-mediterraneennes\/","title":{"rendered":"PR\u00c9FACE M\u00c9DIATIONS M\u00c9DITERRAN\u00c9ENNES"},"content":{"rendered":"\t\t<div data-elementor-type=\"wp-page\" data-elementor-id=\"11867\" class=\"elementor elementor-11867\">\n\t\t\t\t<div class=\"elementor-element elementor-element-55eb0834 e-flex e-con-boxed e-con e-parent\" data-id=\"55eb0834\" data-element_type=\"container\" data-e-type=\"container\">\n\t\t\t\t\t<div class=\"e-con-inner\">\n\t\t\t\t<div class=\"elementor-element elementor-element-7514dd39 exad-sticky-section-no exad-glass-effect-no elementor-widget elementor-widget-ct_text_editor\" data-id=\"7514dd39\" data-element_type=\"widget\" data-e-type=\"widget\" data-widget_type=\"ct_text_editor.default\">\n\t\t\t\t<div class=\"elementor-widget-container\">\n\t\t\t\t\t<div id=\"ct_text_editor-7514dd39\" class=\"ct-text-editor \" data-wow-delay=\"ms\">\n\t<div class=\"ct-item--inner\">\n\t\t<div class=\"ct-inline-css\"  data-css=\"\n\t        \t\t\t\">\n\n\t    <\/div>\n\t\t<div class=\"ct-text-editor elementor-clearfix\">\n\t\t\t<h3 class=\"qrShPb pXs6bb PZPZlf q8U8x aTI8gc\" style=\"text-align: center\" data-dtype=\"d3ifr\" data-local-attribute=\"d3bn\" data-attrid=\"title\" data-ved=\"2ahUKEwiA1_fcuImLAxXxUKQEHTEzKfIQ3B0oAHoECEQQAQ\"><span dir=\"rtl\">Preface<\/span><\/h3><h6 class=\"p3\" style=\"text-align: center\"><em>Mostapha Bousmina*<\/em><\/h6><p class=\"p1\">Cette revue a la particularit\u00e9 de s\u2019inscrire clairement dans l\u2019ancrage qui fonde de fa\u00e7on forte l\u2019identit\u00e9 et la vocation de notre Universit\u00e9, \u00e0 savoir son appartenance \u00e0 l\u2019espace m\u00e9diterran\u00e9en.<span class=\"Apple-converted-space\">\u00a0 <\/span>Bien que tout en elle rappelle cette fibre identitaire, dont notamment le bleu et le vert constitutifs de son label visuel, il \u00e9tait n\u00e9cessaire de donner jour \u00e0 une tribune d\u2019expression et de r\u00e9flexion sur les divers sujets qui mettent en avant les signes et les empreintes de cette appartenance. Car il s\u2019agit \u00e0 travers cette publication de conduire une triple d\u00e9marche acad\u00e9mique et scientifique.<\/p><p class=\"p2\">Premi\u00e8rement, s\u2019appliquer \u00e0 revisiter le patrimoine commun aux soci\u00e9t\u00e9s et aux peuples m\u00e9diterran\u00e9ens, pour en rappeler les richesses et les enseignements que l\u2019on peut en tirer dans divers domaines tels que l\u2019\u00e9cologie, l\u2019architecture, l\u2019art, le savoir-vivre\u2026 Nous en avons extr\u00eamement besoin, pourrait-on dire, dans un monde de plus en plus malheureusement confront\u00e9 \u00e0 l\u2019incertitude, en perte de traits d\u2019authenticit\u00e9 et d\u2019humanit\u00e9, voire en manque de confiance en lui-m\u00eame et en son avenir.<\/p><p class=\"p2\">Deuxi\u00e8mement, t\u00e2cher de repenser les analyses faites ici et l\u00e0 des r\u00e9alit\u00e9s actuelles de la M\u00e9diterran\u00e9e souvent brouill\u00e9es par les assauts de la mondialisation, les inqui\u00e9tudes r\u00e9sultant des changements climatiques, les intenses rivalit\u00e9s des grandes puissances, les cristallisations des ethnocentrismes qui se construisent, de part et d\u2019autre de ses rives, stimul\u00e9s par divers syst\u00e8mes dogmatiques. Il y a \u00e0 ce niveau en effet un fort besoin de compr\u00e9hension et d\u2019\u00e9lucidation de la complexit\u00e9 de ces questions. Car loin de tout parti pris, la ligne \u00e9ditoriale de la revue est avant tout soucieuse de d\u00e9velopper un regard critique objectif, nourri d\u2019\u00e9clairages pluridisciplinaires et compl\u00e9mentaires.\u00a0<\/p><p class=\"p2\">Troisi\u00e8mement, s\u2019atteler \u00e0 prospecter, \u00e0 partir de diff\u00e9rents paradigmes th\u00e9matiques, les pistes d\u2019un avenir plus apais\u00e9 pour la r\u00e9gion m\u00e9diterran\u00e9enne, tenant compte de la dynamique de son histoire avec ses ambitions et ses obstacles, avec ses promesses et ses contradictions. Creuset d\u2019importantes civilisations, de cultures et de savoirs aux dimensions humanistes universelles, cette r\u00e9gion conna\u00eet pourtant, selon diff\u00e9rents contextes, d\u2019\u00e2pres difficult\u00e9s \u00e0 construire des conditions stables du vivre ensemble. L\u2019\u00e9cart y grandit entre ceux qui pr\u00f4nent le partage d\u2019un m\u00eame destin et ceux qui affichent une certaine tendance \u00e0 l\u2019h\u00e9g\u00e9monie. La vocation de notre Universit\u00e9 nous incline \u00e0 surpasser cet antagonisme, en favorisant l\u2019\u00e9laboration d\u2019approches privil\u00e9giant le discernement contre l\u2019aveuglement, l\u2019esp\u00e9rance contre le d\u00e9sespoir, la conciliation raisonn\u00e9e contre la tendance \u00e0 la collusion\u2026<\/p><p class=\"p2\">En se proclamant de ces valeurs, la Cit\u00e9 et l\u2019Universit\u00e9 ne sont-elles pas parmi les plus beaux h\u00e9ritages que la M\u00e9diterran\u00e9e nous a l\u00e9gu\u00e9s ? Le fait de rester fid\u00e8le \u00e0 ce double h\u00e9ritage, les M\u00e9diterran\u00e9ens sauront toujours (de g\u00e9n\u00e9ration en g\u00e9n\u00e9ration) d\u00e9passer les fronti\u00e8res r\u00e9elles et imaginaires que leur imposent les al\u00e9as dues \u00e0 de cruelles conjonctures.<\/p><p class=\"p2\">Notre Universit\u00e9 a \u00e9t\u00e9 b\u00e2tie pour \u0153uvrer \u00e0 l\u2019appropriation de cet esprit d\u2019\u00e9mancipation et de conqu\u00eate sur soi et sur l\u2019adversit\u00e9 qu\u2019elle qu\u2019en soit la source. Elle est de ce fait d\u00e9termin\u00e9e \u00e0 accomplir la mission d\u00e9volue \u00e0 cet esprit, et contribuer \u00e0 faire de la M\u00e9diterran\u00e9e un v\u00e9ritable laboratoire de cr\u00e9ation et d\u2019innovation pour le d\u00e9veloppement durable. Cette revue veut, \u00e0 sa mani\u00e8re, en \u00eatre l\u2019un des instruments les plus visibles et les plus rigoureux. Et \u00e0 cet \u00e9gard, je ne voudrais pas clore ce mot introductif sans remercier vivement son R\u00e9dacteur en chef, M. Abderrahman Tenkoul, et toute l\u2019\u00e9quipe d\u2019enseignants et de techniciens d\u2019avoir veill\u00e9 \u00e0 sa r\u00e9alisation.<\/p><pre class=\"p1\" style=\"text-align: left\"><em>*President of the Euromed University of Fes, UEMF, Morocco.<\/em><\/pre>\t\t\n\t\t<\/div>\n\t<\/div>\n<\/div>\t\t\t\t<\/div>\n\t\t\t\t<\/div>\n\t\t\t\t\t<\/div>\n\t\t\t\t<\/div>\n\t\t\t\t<\/div>\n\t\t","protected":false},"excerpt":{"rendered":"<p>Preface Mostapha Bousmina* Cette revue a la particularit\u00e9 de s\u2019inscrire clairement dans l\u2019ancrage qui fonde de fa\u00e7on forte l\u2019identit\u00e9 et la vocation de notre Universit\u00e9, \u00e0 savoir son appartenance \u00e0 l\u2019espace m\u00e9diterran\u00e9en.\u00a0 Bien que tout en elle rappelle cette fibre identitaire, dont notamment le bleu et le vert constitutifs de son label visuel, il \u00e9tait [&hellip;]<\/p>\n","protected":false},"author":1,"featured_media":0,"parent":0,"menu_order":0,"comment_status":"closed","ping_status":"closed","template":"","meta":{"postBodyCss":"","postBodyMargin":[],"postBodyPadding":[],"postBodyBackground":{"backgroundType":"classic","gradient":""},"cybocfi_hide_featured_image":"","footnotes":""},"class_list":["post-11867","page","type-page","status-publish","hentry"],"_links":{"self":[{"href":"https:\/\/acc.ueuromed.org\/en\/wp-json\/wp\/v2\/pages\/11867","targetHints":{"allow":["GET"]}}],"collection":[{"href":"https:\/\/acc.ueuromed.org\/en\/wp-json\/wp\/v2\/pages"}],"about":[{"href":"https:\/\/acc.ueuromed.org\/en\/wp-json\/wp\/v2\/types\/page"}],"author":[{"embeddable":true,"href":"https:\/\/acc.ueuromed.org\/en\/wp-json\/wp\/v2\/users\/1"}],"replies":[{"embeddable":true,"href":"https:\/\/acc.ueuromed.org\/en\/wp-json\/wp\/v2\/comments?post=11867"}],"version-history":[{"count":4,"href":"https:\/\/acc.ueuromed.org\/en\/wp-json\/wp\/v2\/pages\/11867\/revisions"}],"predecessor-version":[{"id":11871,"href":"https:\/\/acc.ueuromed.org\/en\/wp-json\/wp\/v2\/pages\/11867\/revisions\/11871"}],"wp:attachment":[{"href":"https:\/\/acc.ueuromed.org\/en\/wp-json\/wp\/v2\/media?parent=11867"}],"curies":[{"name":"wp","href":"https:\/\/api.w.org\/{rel}","templated":true}]}}