{"id":11390,"date":"2025-01-06T14:50:43","date_gmt":"2025-01-06T14:50:43","guid":{"rendered":"https:\/\/acc.ueuromed.org\/alternatives-africaines\/"},"modified":"2025-03-26T12:23:57","modified_gmt":"2025-03-26T12:23:57","slug":"alternatives-africaines","status":"publish","type":"page","link":"https:\/\/acc.ueuromed.org\/en\/alternatives-africaines\/","title":{"rendered":"ALTERNATIVES AFRICAINES"},"content":{"rendered":"\t\t<div data-elementor-type=\"wp-page\" data-elementor-id=\"11390\" class=\"elementor elementor-11390\">\n\t\t\t\t        <section class=\"elementor-section elementor-top-section elementor-element elementor-element-1b9495b4 elementor-section-boxed elementor-section-height-default elementor-section-height-default exad-glass-effect-no exad-sticky-section-no ct-header-fixed-none ct-row-max-none\" data-id=\"1b9495b4\" data-element_type=\"section\" data-e-type=\"section\" data-settings=\"{&quot;background_background&quot;:&quot;classic&quot;}\">\n                            <div class=\"elementor-background-overlay\"><\/div>\n                \n                        <div class=\"elementor-container elementor-column-gap-default \">\n                    <div class=\"elementor-column elementor-col-16 elementor-top-column elementor-element elementor-element-258bd177 exad-glass-effect-no exad-sticky-section-no\" data-id=\"258bd177\" data-element_type=\"column\" data-e-type=\"column\">\n        <div class=\"elementor-widget-wrap\">\n                    \n                    <\/div>\n        <\/div>\n                <div class=\"elementor-column elementor-col-66 elementor-top-column elementor-element elementor-element-6cd2afb0 exad-glass-effect-no exad-sticky-section-no\" data-id=\"6cd2afb0\" data-element_type=\"column\" data-e-type=\"column\">\n        <div class=\"elementor-widget-wrap elementor-element-populated\">\n                    \n        \t\t<div class=\"elementor-element elementor-element-3111c5c9 animated-slow exad-sticky-section-no exad-glass-effect-no elementor-invisible elementor-widget elementor-widget-heading\" data-id=\"3111c5c9\" data-element_type=\"widget\" data-e-type=\"widget\" data-settings=\"{&quot;_animation&quot;:&quot;fadeIn&quot;}\" data-widget_type=\"heading.default\">\n\t\t\t\t<div class=\"elementor-widget-container\">\n\t\t\t\t\t<h1 class=\"elementor-heading-title elementor-size-default\">ALTERNATIVES AFRICAINES<\/h1>\t\t\t\t<\/div>\n\t\t\t\t<\/div>\n\t\t            <\/div>\n        <\/div>\n                <div class=\"elementor-column elementor-col-16 elementor-top-column elementor-element elementor-element-4adc3357 exad-glass-effect-no exad-sticky-section-no\" data-id=\"4adc3357\" data-element_type=\"column\" data-e-type=\"column\">\n        <div class=\"elementor-widget-wrap\">\n                    \n                    <\/div>\n        <\/div>\n                    <\/div>\n        <\/section>\n        <div class=\"elementor-element elementor-element-a9b66e6 e-flex e-con-boxed e-con e-parent\" data-id=\"a9b66e6\" data-element_type=\"container\" data-e-type=\"container\">\n\t\t\t\t\t<div class=\"e-con-inner\">\n\t\t\t\t<div class=\"elementor-element elementor-element-44fedae exad-sticky-section-no exad-glass-effect-no elementor-widget elementor-widget-ct_text_editor\" data-id=\"44fedae\" data-element_type=\"widget\" data-e-type=\"widget\" data-widget_type=\"ct_text_editor.default\">\n\t\t\t\t<div class=\"elementor-widget-container\">\n\t\t\t\t\t<div id=\"ct_text_editor-44fedae\" class=\"ct-text-editor \" data-wow-delay=\"ms\">\n\t<div class=\"ct-item--inner\">\n\t\t<div class=\"ct-inline-css\"  data-css=\"\n\t        \t\t\t\">\n\n\t    <\/div>\n\t\t<div class=\"ct-text-editor elementor-clearfix\">\n\t\t\t<h4 class=\"wp-block-heading has-text-align-center has-vivid-cyan-blue-color has-text-color has-link-color wp-elements-e3558d70828b461565d7ed4bb959f0e7\" style=\"text-align: center\">Summary<\/h4><ul class=\"wp-block-list\"><li><strong>PR\u00c9FACE<\/strong><\/li><\/ul><p><em>MOSTAPHA BOUSMINA<\/em><\/p><ul class=\"wp-block-list\"><li><strong>INTRODUCTION<\/strong><\/li><\/ul><p><em>ABDERRAHMANE HADDAD<\/em><\/p><ul class=\"wp-block-list\"><li><strong>LES D\u00c9FIS DES UNIVERSIT\u00c9S AFRICAINES AU 21\u00c8ME SIECLE<\/strong><\/li><\/ul><p><em>DJENEBA TRAORE<\/em><\/p><ul class=\"wp-block-list\"><li><strong>CRISE DE L\u2019EMPLOI ET LOGIQUE REVENDICATRICE CHEZ<\/strong><br \/><strong>LES TITULAIRES DU DOCTORAT EN COTE D\u2019IVOIRE<\/strong><\/li><\/ul><p><em>ADOH BISSE BLANCHE DANIELLE N\u2019GUESSAN ET KONE SIATA<\/em><\/p><ul class=\"wp-block-list\"><li><strong>QUELLES FORMATIONS UNIVERSITAIRES POUR LE D\u00c9VELOPPEMENT<\/strong><br \/><strong>INDUSTRIEL EN AFRIQUE NOIRE FRANCOPHONE AUJOURD\u2019HUI\u2009?<\/strong><\/li><\/ul><p><em>BIENVENUE M. MOUDJOURI<\/em><\/p><ul class=\"wp-block-list\"><li><strong>L\u2019ENSEIGNEMENT AU MAROC \u00c0 L\u2019EPREUVE DES D\u00c9FIS DE L\u2019\u00c9CONOMIE DU SAVOIR<\/strong><\/li><\/ul><p><em>ABDERRAHMAN TENKOUL<\/em><\/p><ul class=\"wp-block-list\"><li><strong>SAVOIR ET ENTREPRENEURIAT\u2009: PERSPECTIVES D\u2019UNE UNIVERSIT\u00c9 EN AFRIQUE<\/strong><\/li><\/ul><p><em>ABDERRAHMANE HADDAD ET KAMAL KAJJA<\/em><\/p><ul class=\"wp-block-list\"><li><strong>LA PR\u00c9PARATION DES DIPLOM\u00c9S AU MARCH\u00c9 DE L\u2019EMPLOI \u00c0<\/strong><br \/><strong>L\u2019\u00c9POQUE DE LA 4\u00c8ME R\u00c9VOLUTION INDUSTRIELLE (4.0)<\/strong><\/li><\/ul><p><em>FRANCIS QUEROL<\/em><\/p><ul class=\"wp-block-list\"><li><strong>L\u2019ACCOMPAGNEMENT UNIVERSITAIRE DE LA TRANSITION DIGITALE\u2009:<\/strong><br \/><strong>CAS DU MASTER \u00ab\u2009MANAGER EN STRAT\u00c9GIE ET D\u00c9VELOPPEMENT DIGITAL\u2009\u00bb<\/strong><\/li><\/ul><p><em>BEN MOUSSA CHOKRI<\/em><\/p><ul class=\"wp-block-list\"><li><strong>LE FINANCEMENT DE LA RECHERCHE EN AFRIQUE FRANCOPHONE<\/strong><\/li><\/ul><p><em>KADIJATOU MAROU SAMA<\/em><\/p><ul class=\"wp-block-list\"><li><strong>L\u2019ENSEIGNEMENT UNIVERSITAIRE \u00c0 DISTANCE EN AFRIQUE\u2009:<\/strong><br \/><strong>UNE R\u00c9VOLUTION EN MARCHE<\/strong><\/li><\/ul><p><em>YANN MAKOBIANI<\/em><\/p><ul class=\"wp-block-list\"><li><strong>Tribune<\/strong><\/li><\/ul><ul class=\"wp-block-list\"><li><strong>L\u2019UNIVERSIT\u00c9 EURO-M\u00c9DITERRAN\u00c9ENNE DE FES (UEMF)\u2009:<\/strong><br \/><strong>OUVERTURE, DIALOGUE, \u00c9CHANGE ET MOBILIT\u00c9 R\u00c9GIONALE<\/strong><\/li><\/ul><p><em>MOSTAPHA BOUSMINA<\/em><\/p><ul class=\"wp-block-list\"><li><strong>L\u2019AFRIQUE ET LE SOFT POWER MAROCAIN<\/strong><\/li><\/ul><p><em>EUGENE \u00c9BOD\u00c9<\/em><\/p><ul class=\"wp-block-list\"><li><strong>ANALYSES\u00a0 CRITIQUES<\/strong>\u00a0<strong>ET COMPTES RENDUS<\/strong><\/li><\/ul>\t\t\n\t\t<\/div>\n\t<\/div>\n<\/div>\t\t\t\t<\/div>\n\t\t\t\t<\/div>\n\t\t\t\t\t<\/div>\n\t\t\t\t<\/div>\n\t\t\t\t<\/div>\n\t\t","protected":false},"excerpt":{"rendered":"<p>ALTERNATIVES AFRICAINES Summary PR\u00c9FACE MOSTAPHA BOUSMINA INTRODUCTION ABDERRAHMANE HADDAD LES D\u00c9FIS DES UNIVERSIT\u00c9S AFRICAINES AU 21\u00c8ME SIECLE DJENEBA TRAORE CRISE DE L\u2019EMPLOI ET LOGIQUE REVENDICATRICE CHEZLES TITULAIRES DU DOCTORAT EN COTE D\u2019IVOIRE ADOH BISSE BLANCHE DANIELLE N\u2019GUESSAN ET KONE SIATA QUELLES FORMATIONS UNIVERSITAIRES POUR LE D\u00c9VELOPPEMENTINDUSTRIEL EN AFRIQUE NOIRE FRANCOPHONE AUJOURD\u2019HUI\u2009? BIENVENUE M. MOUDJOURI L\u2019ENSEIGNEMENT [&hellip;]<\/p>\n","protected":false},"author":1,"featured_media":0,"parent":0,"menu_order":0,"comment_status":"closed","ping_status":"closed","template":"","meta":{"postBodyCss":"","postBodyMargin":[],"postBodyPadding":[],"postBodyBackground":{"backgroundType":"classic","gradient":""},"cybocfi_hide_featured_image":"","footnotes":""},"class_list":["post-11390","page","type-page","status-publish","hentry"],"_links":{"self":[{"href":"https:\/\/acc.ueuromed.org\/en\/wp-json\/wp\/v2\/pages\/11390","targetHints":{"allow":["GET"]}}],"collection":[{"href":"https:\/\/acc.ueuromed.org\/en\/wp-json\/wp\/v2\/pages"}],"about":[{"href":"https:\/\/acc.ueuromed.org\/en\/wp-json\/wp\/v2\/types\/page"}],"author":[{"embeddable":true,"href":"https:\/\/acc.ueuromed.org\/en\/wp-json\/wp\/v2\/users\/1"}],"replies":[{"embeddable":true,"href":"https:\/\/acc.ueuromed.org\/en\/wp-json\/wp\/v2\/comments?post=11390"}],"version-history":[{"count":14,"href":"https:\/\/acc.ueuromed.org\/en\/wp-json\/wp\/v2\/pages\/11390\/revisions"}],"predecessor-version":[{"id":11890,"href":"https:\/\/acc.ueuromed.org\/en\/wp-json\/wp\/v2\/pages\/11390\/revisions\/11890"}],"wp:attachment":[{"href":"https:\/\/acc.ueuromed.org\/en\/wp-json\/wp\/v2\/media?parent=11390"}],"curies":[{"name":"wp","href":"https:\/\/api.w.org\/{rel}","templated":true}]}}