{"id":11385,"date":"2025-01-06T14:54:17","date_gmt":"2025-01-06T13:54:17","guid":{"rendered":"https:\/\/acc.ueuromed.org\/mediations-mediterraneennes\/"},"modified":"2026-01-27T11:05:08","modified_gmt":"2026-01-27T10:05:08","slug":"mediations-mediterraneennes","status":"publish","type":"page","link":"https:\/\/acc.ueuromed.org\/en\/mediations-mediterraneennes\/","title":{"rendered":"M\u00c9DIATIONS M\u00c9DITERRAN\u00c9ENNES"},"content":{"rendered":"\t\t<div data-elementor-type=\"wp-page\" data-elementor-id=\"11385\" class=\"elementor elementor-11385\">\n\t\t\t\t        <section class=\"elementor-section elementor-top-section elementor-element elementor-element-5464bae9 elementor-section-boxed elementor-section-height-default elementor-section-height-default exad-glass-effect-no exad-sticky-section-no ct-header-fixed-none ct-row-max-none\" data-id=\"5464bae9\" data-element_type=\"section\" data-e-type=\"section\" data-settings=\"{&quot;background_background&quot;:&quot;classic&quot;}\">\n                            <div class=\"elementor-background-overlay\"><\/div>\n                \n                        <div class=\"elementor-container elementor-column-gap-default \">\n                    <div class=\"elementor-column elementor-col-16 elementor-top-column elementor-element elementor-element-75796a07 exad-glass-effect-no exad-sticky-section-no\" data-id=\"75796a07\" data-element_type=\"column\" data-e-type=\"column\">\n        <div class=\"elementor-widget-wrap\">\n                    \n                    <\/div>\n        <\/div>\n                <div class=\"elementor-column elementor-col-66 elementor-top-column elementor-element elementor-element-34739ebe exad-glass-effect-no exad-sticky-section-no\" data-id=\"34739ebe\" data-element_type=\"column\" data-e-type=\"column\">\n        <div class=\"elementor-widget-wrap elementor-element-populated\">\n                    \n        \t\t<div class=\"elementor-element elementor-element-5d54b00e animated-slow exad-sticky-section-no exad-glass-effect-no elementor-invisible elementor-widget elementor-widget-heading\" data-id=\"5d54b00e\" data-element_type=\"widget\" data-e-type=\"widget\" data-settings=\"{&quot;_animation&quot;:&quot;fadeIn&quot;}\" data-widget_type=\"heading.default\">\n\t\t\t\t<div class=\"elementor-widget-container\">\n\t\t\t\t\t<h1 class=\"elementor-heading-title elementor-size-default\">M\u00c9DIATIONS M\u00c9DITERRAN\u00c9ENNES <br>Num\u00e9ro 1, 2024\n<\/h1>\t\t\t\t<\/div>\n\t\t\t\t<\/div>\n\t\t            <\/div>\n        <\/div>\n                <div class=\"elementor-column elementor-col-16 elementor-top-column elementor-element elementor-element-390b7cb2 exad-glass-effect-no exad-sticky-section-no\" data-id=\"390b7cb2\" data-element_type=\"column\" data-e-type=\"column\">\n        <div class=\"elementor-widget-wrap\">\n                    \n                    <\/div>\n        <\/div>\n                    <\/div>\n        <\/section>\n        <div class=\"elementor-element elementor-element-79f3985 e-flex e-con-boxed e-con e-parent\" data-id=\"79f3985\" data-element_type=\"container\" data-e-type=\"container\">\n\t\t\t\t\t<div class=\"e-con-inner\">\n\t\t<div class=\"elementor-element elementor-element-8383640 e-con-full e-flex e-con e-child\" data-id=\"8383640\" data-element_type=\"container\" data-e-type=\"container\">\n\t\t\t\t<div class=\"elementor-element elementor-element-184870c exad-sticky-section-no exad-glass-effect-no elementor-widget elementor-widget-ct_text_editor\" data-id=\"184870c\" data-element_type=\"widget\" data-e-type=\"widget\" data-widget_type=\"ct_text_editor.default\">\n\t\t\t\t<div class=\"elementor-widget-container\">\n\t\t\t\t\t<div id=\"ct_text_editor-184870c\" class=\"ct-text-editor \" data-wow-delay=\"ms\">\n\t<div class=\"ct-item--inner\">\n\t\t<div class=\"ct-inline-css\"  data-css=\"\n\t        \t\t\t\">\n\n\t    <\/div>\n\t\t<div class=\"ct-text-editor elementor-clearfix\">\n\t\t\t<h4 class=\"wp-block-heading has-text-align-center has-vivid-cyan-blue-color has-text-color has-link-color wp-elements-bee492043cea146cd1f75f4f47831925\"><strong>Sommaire<\/strong><\/h4><ul class=\"wp-block-list\"><li><strong>PR\u00c9FACE<\/strong><\/li><\/ul><p><em>MOSTAPHA BOUSMINA<\/em><\/p><ul class=\"wp-block-list\"><li><strong>INTRODUCTION<\/strong><\/li><\/ul><p><em>ABDERRAHMAN TENKOUL<\/em><\/p><ul class=\"wp-block-list\"><li><strong>DIVERSIT\u00c9 CULTURELLE, FONDEMENTS ET ENJEUX\u2009:<\/strong><br \/><strong>ATOUTS POUR UN MAROC AUX DIMENSIONS UNIVERSELLES<\/strong><\/li><\/ul><p><em>AHMED BOUKOUS<\/em><\/p><ul class=\"wp-block-list\"><li><strong>SIRAT BANI-HILAL, UNE APPROCHE S\u00c9MIOTIQUE<\/strong><\/li><\/ul><p><em>EL MOSTAFA CHADLI<\/em><\/p><ul class=\"wp-block-list\"><li><strong>LA M\u00c9DIATION \u00c0 L\u2019\u00c9PREUVE DE LA \u00ab\u2009PATRIMONIALISATION\u2009\u00bb<\/strong><br \/><strong>ET LA \u00ab\u2009D\u00c9PATRIMONIALISATION\u2009\u00bb<\/strong><\/li><\/ul><p><em>ABDESLAM EL OUAZZANI<\/em><\/p><ul class=\"wp-block-list\"><li><strong>F\u00c8S AU PRISME DE SA DIMENSION M\u00c9DITERRAN\u00c9ENNE<\/strong><\/li><\/ul><p><em>ABDERRAHMAN TENKOUL<\/em><\/p><ul class=\"wp-block-list\"><li><strong>UNE M\u00c9DINA OUVERTE SUR L\u2019UNIVERSEL<\/strong><\/li><\/ul><p><em>NA\u00cfMA LAHBIL TAGEMOUATI<\/em><\/p><ul class=\"wp-block-list\"><li><strong>LITT\u00c9RATURE ET TRAVERS\u00c9ES DE LA M\u00c9DITERRAN\u00c9E<\/strong><\/li><\/ul><p><em>MANSOUR M\u2019HENNI<\/em><\/p><ul class=\"wp-block-list\"><li><strong>OBJECTIFS DE D\u00c9VELOPPEMENT DURABLE\u2009:<\/strong><br \/><strong>UNE PERSPECTIVE R\u00c9GIONALE \u00c0 F\u00c8S-MEKN\u00c8S<\/strong><\/li><\/ul><p><em>ADJOBA AUDREY N\u2019ZE<\/em><\/p><ul class=\"wp-block-list\"><li><strong>VARIA<\/strong><\/li><\/ul><ul class=\"wp-block-list\"><li><strong>LES RESPONSABILIT\u00c9S STRAT\u00c9GIQUES DE L\u2019EUROPE DANS LE MONDE ACTUEL<\/strong><\/li><\/ul><p><em>M. JOSEP BORRELL FONTELLES<\/em><\/p><ul class=\"wp-block-list\"><li><strong>QUELLE PLACE POUR LES JEUNES DANS LES NOUVEAUX<\/strong><br \/><strong>CHOIX DE D\u00c9VELOPPEMENT DUMAROC\u2009?<\/strong><\/li><\/ul><p><em>M. NOUREDDINE AFFAYA<\/em><\/p><ul class=\"wp-block-list\"><li><strong>HUMANISME UNIVERSEL INACHEV\u00c9<\/strong><\/li><\/ul><p><em>M. ATIQ RAHIMI<\/em><\/p><ul class=\"wp-block-list\"><li><strong>ANALYSES\u00a0 CRITIQUES ET COMPTES RENDUS<\/strong><\/li><\/ul>\t\t\n\t\t<\/div>\n\t<\/div>\n<\/div>\t\t\t\t<\/div>\n\t\t\t\t<\/div>\n\t\t\t\t<\/div>\n\t\t\t\t\t<\/div>\n\t\t\t\t<\/div>\n\t\t\t\t<\/div>\n\t\t","protected":false},"excerpt":{"rendered":"<p>M\u00c9DIATIONS M\u00c9DITERRAN\u00c9ENNES Num\u00e9ro 1, 2024 Sommaire PR\u00c9FACE MOSTAPHA BOUSMINA INTRODUCTION ABDERRAHMAN TENKOUL DIVERSIT\u00c9 CULTURELLE, FONDEMENTS ET ENJEUX\u2009:ATOUTS POUR UN MAROC AUX DIMENSIONS UNIVERSELLES AHMED BOUKOUS SIRAT BANI-HILAL, UNE APPROCHE S\u00c9MIOTIQUE EL MOSTAFA CHADLI LA M\u00c9DIATION \u00c0 L\u2019\u00c9PREUVE DE LA \u00ab\u2009PATRIMONIALISATION\u2009\u00bbET LA \u00ab\u2009D\u00c9PATRIMONIALISATION\u2009\u00bb ABDESLAM EL OUAZZANI F\u00c8S AU PRISME DE SA DIMENSION M\u00c9DITERRAN\u00c9ENNE ABDERRAHMAN TENKOUL UNE [&hellip;]<\/p>\n","protected":false},"author":1,"featured_media":0,"parent":0,"menu_order":0,"comment_status":"closed","ping_status":"closed","template":"","meta":{"postBodyCss":"","postBodyMargin":[],"postBodyPadding":[],"postBodyBackground":{"backgroundType":"classic","gradient":""},"cybocfi_hide_featured_image":"","footnotes":""},"class_list":["post-11385","page","type-page","status-publish","hentry"],"_links":{"self":[{"href":"https:\/\/acc.ueuromed.org\/en\/wp-json\/wp\/v2\/pages\/11385","targetHints":{"allow":["GET"]}}],"collection":[{"href":"https:\/\/acc.ueuromed.org\/en\/wp-json\/wp\/v2\/pages"}],"about":[{"href":"https:\/\/acc.ueuromed.org\/en\/wp-json\/wp\/v2\/types\/page"}],"author":[{"embeddable":true,"href":"https:\/\/acc.ueuromed.org\/en\/wp-json\/wp\/v2\/users\/1"}],"replies":[{"embeddable":true,"href":"https:\/\/acc.ueuromed.org\/en\/wp-json\/wp\/v2\/comments?post=11385"}],"version-history":[{"count":13,"href":"https:\/\/acc.ueuromed.org\/en\/wp-json\/wp\/v2\/pages\/11385\/revisions"}],"predecessor-version":[{"id":15204,"href":"https:\/\/acc.ueuromed.org\/en\/wp-json\/wp\/v2\/pages\/11385\/revisions\/15204"}],"wp:attachment":[{"href":"https:\/\/acc.ueuromed.org\/en\/wp-json\/wp\/v2\/media?parent=11385"}],"curies":[{"name":"wp","href":"https:\/\/api.w.org\/{rel}","templated":true}]}}