{"id":10598,"date":"2025-01-23T08:18:10","date_gmt":"2025-01-23T08:18:10","guid":{"rendered":"https:\/\/acc.ueuromed.org\/les-seances-plenieres\/"},"modified":"2025-03-06T13:56:15","modified_gmt":"2025-03-06T13:56:15","slug":"plenary-sessions","status":"publish","type":"page","link":"https:\/\/acc.ueuromed.org\/en\/plenary-sessions\/","title":{"rendered":"Plenary Sessions"},"content":{"rendered":"\t\t<div data-elementor-type=\"wp-page\" data-elementor-id=\"10598\" class=\"elementor elementor-10598\">\n\t\t\t\t        <header class=\"elementor-section elementor-top-section elementor-element elementor-element-6d9b9de6 elementor-section-content-middle animated-slow elementor-section-boxed elementor-section-height-default elementor-section-height-default exad-glass-effect-no exad-sticky-section-no ct-header-fixed-none ct-row-max-none elementor-invisible\" data-id=\"6d9b9de6\" data-element_type=\"section\" data-e-type=\"section\" data-settings=\"{&quot;background_background&quot;:&quot;classic&quot;,&quot;shape_divider_bottom&quot;:&quot;arrow&quot;,&quot;shape_divider_bottom_negative&quot;:&quot;yes&quot;,&quot;animation&quot;:&quot;fadeIn&quot;}\">\n                            <div class=\"elementor-background-overlay\"><\/div>\n                        <div class=\"elementor-shape elementor-shape-bottom\" data-negative=\"true\">\n            <svg xmlns=\"http:\/\/www.w3.org\/2000\/svg\" viewBox=\"0 0 700 10\" preserveAspectRatio=\"none\">\n\t<path class=\"elementor-shape-fill\" d=\"M360 0L350 9.9 340 0 0 0 0 10 700 10 700 0\"\/>\n<\/svg>        <\/div>\n        \n                        <div class=\"elementor-container elementor-column-gap-default \">\n                    <div class=\"elementor-column elementor-col-100 elementor-top-column elementor-element elementor-element-3e869452 exad-glass-effect-no exad-sticky-section-no\" data-id=\"3e869452\" data-element_type=\"column\" data-e-type=\"column\">\n        <div class=\"elementor-widget-wrap elementor-element-populated\">\n                    \n        \t\t<div class=\"elementor-element elementor-element-6219ffdd exad-sticky-section-no exad-glass-effect-no elementor-widget elementor-widget-heading\" data-id=\"6219ffdd\" data-element_type=\"widget\" data-e-type=\"widget\" data-widget_type=\"heading.default\">\n\t\t\t\t<div class=\"elementor-widget-container\">\n\t\t\t\t\t<h1 class=\"elementor-heading-title elementor-size-xxl\">Plenary Sessions<\/h1>\t\t\t\t<\/div>\n\t\t\t\t<\/div>\n\t\t            <\/div>\n        <\/div>\n                    <\/div>\n        <\/header>\n        <div class=\"elementor-element elementor-element-d681720 e-flex e-con-boxed e-con e-parent\" data-id=\"d681720\" data-element_type=\"container\" data-e-type=\"container\">\n\t\t\t\t\t<div class=\"e-con-inner\">\n\t\t\t\t<div class=\"elementor-element elementor-element-7525c883 exad-sticky-section-no exad-glass-effect-no elementor-widget elementor-widget-ct_blog_grid\" data-id=\"7525c883\" data-element_type=\"widget\" data-e-type=\"widget\" data-widget_type=\"ct_blog_grid.default\">\n\t\t\t\t<div class=\"elementor-widget-container\">\n\t\t\t\t\t\r\n<div id=\"ct_blog_grid-7525c883\" class=\"ct-grid ct-blog-grid ct-blog-grid-layout4\" data-layout=\"masonry\" data-start-page=\"1\" data-max-pages=\"1\" data-total=\"6\" data-perpage=\"12\" data-next-link=\"\">\r\n    <div class=\"ct-grid-overlay\"><\/div>\r\n    \r\n    <div class=\"ct-grid-inner ct-grid-masonry row animate-time\" data-gutter=\"15\">\r\n                    <div class=\"grid-sizer col-xl-4 col-lg-6 col-md-6 col-sm-12 col-4\"><\/div>\r\n                                <div class=\"grid-item col-xl-4 col-lg-6 col-md-6 col-sm-12 col-4 filter-category-75\">\r\n                    <div class=\"grid-item-inner \">\r\n                                                    <div class=\"item--featured\">\r\n                                <a href=\"https:\/\/acc.ueuromed.org\/en\/2025\/01\/22\/1ere-seance-pleniere\/\"><img fetchpriority=\"high\" decoding=\"async\" class=\"disable-lazy no-lazyload \" src=\"https:\/\/acc.ueuromed.org\/wp-content\/uploads\/2025\/01\/Seance-1-680x410.jpg\" width=\"680\" height=\"410\" alt=\"Se\u0301ance-1\" title=\"Se\u0301ance-1\" \/><\/a>\r\n                            <\/div>\r\n                                                <div class=\"item--body\">\r\n                            <div class=\"item--holder\">\r\n                                                                <h3 class=\"item--title\"><a href=\"https:\/\/acc.ueuromed.org\/en\/2025\/01\/22\/1ere-seance-pleniere\/\">1st Plenary Session<\/a><\/h3>\r\n                                                                    <div class=\"item--content\">\r\n                                                                            <\/div>\r\n                                                                                                    <div class=\"item--readmore\">\r\n                                        <a class=\"btn-text2\" href=\"https:\/\/acc.ueuromed.org\/en\/2025\/01\/22\/1ere-seance-pleniere\/\">\r\n                                            Read more                                            <i class=\"flaticonv2 flaticonv2-right-arrow\"><\/i>\r\n                                        <\/a>\r\n                                    <\/div>\r\n                                                            <\/div>\r\n                        <\/div>\r\n                    <\/div>\r\n                <\/div>\r\n                            <div class=\"grid-item col-xl-4 col-lg-6 col-md-6 col-sm-12 col-4 filter-category-75\">\r\n                    <div class=\"grid-item-inner \">\r\n                                                    <div class=\"item--featured\">\r\n                                <a href=\"https:\/\/acc.ueuromed.org\/en\/2025\/01\/22\/2nd-plenary-session\/\"><img decoding=\"async\" class=\"disable-lazy no-lazyload \" src=\"https:\/\/acc.ueuromed.org\/wp-content\/uploads\/2025\/01\/Seance-2-680x410.jpg\" width=\"680\" height=\"410\" alt=\"Se\u0301ance-2\" title=\"Se\u0301ance-2\" \/><\/a>\r\n                            <\/div>\r\n                                                <div class=\"item--body\">\r\n                            <div class=\"item--holder\">\r\n                                                                <h3 class=\"item--title\"><a href=\"https:\/\/acc.ueuromed.org\/en\/2025\/01\/22\/2nd-plenary-session\/\">2nd Plenary Session<\/a><\/h3>\r\n                                                                    <div class=\"item--content\">\r\n                                                                            <\/div>\r\n                                                                                                    <div class=\"item--readmore\">\r\n                                        <a class=\"btn-text2\" href=\"https:\/\/acc.ueuromed.org\/en\/2025\/01\/22\/2nd-plenary-session\/\">\r\n                                            Read more                                            <i class=\"flaticonv2 flaticonv2-right-arrow\"><\/i>\r\n                                        <\/a>\r\n                                    <\/div>\r\n                                                            <\/div>\r\n                        <\/div>\r\n                    <\/div>\r\n                <\/div>\r\n                            <div class=\"grid-item col-xl-4 col-lg-6 col-md-6 col-sm-12 col-4 filter-category-75\">\r\n                    <div class=\"grid-item-inner \">\r\n                                                    <div class=\"item--featured\">\r\n                                <a href=\"https:\/\/acc.ueuromed.org\/en\/2025\/01\/23\/3rd-plenary-session\/\"><img decoding=\"async\" class=\"disable-lazy no-lazyload \" src=\"https:\/\/acc.ueuromed.org\/wp-content\/uploads\/2025\/01\/Seance-3-680x410.jpg\" width=\"680\" height=\"410\" alt=\"Se\u0301ance-3\" title=\"Se\u0301ance-3\" \/><\/a>\r\n                            <\/div>\r\n                                                <div class=\"item--body\">\r\n                            <div class=\"item--holder\">\r\n                                                                <h3 class=\"item--title\"><a href=\"https:\/\/acc.ueuromed.org\/en\/2025\/01\/23\/3rd-plenary-session\/\">3rd Plenary Session<\/a><\/h3>\r\n                                                                    <div class=\"item--content\">\r\n                                                                            <\/div>\r\n                                                                                                    <div class=\"item--readmore\">\r\n                                        <a class=\"btn-text2\" href=\"https:\/\/acc.ueuromed.org\/en\/2025\/01\/23\/3rd-plenary-session\/\">\r\n                                            Read more                                            <i class=\"flaticonv2 flaticonv2-right-arrow\"><\/i>\r\n                                        <\/a>\r\n                                    <\/div>\r\n                                                            <\/div>\r\n                        <\/div>\r\n                    <\/div>\r\n                <\/div>\r\n                            <div class=\"grid-item col-xl-4 col-lg-6 col-md-6 col-sm-12 col-4 filter-category-75\">\r\n                    <div class=\"grid-item-inner \">\r\n                                                    <div class=\"item--featured\">\r\n                                <a href=\"https:\/\/acc.ueuromed.org\/en\/2025\/01\/23\/4th-plenary-session\/\"><img loading=\"lazy\" decoding=\"async\" class=\"disable-lazy no-lazyload \" src=\"https:\/\/acc.ueuromed.org\/wp-content\/uploads\/2025\/01\/Seance-4-680x410.jpg\" width=\"680\" height=\"410\" alt=\"Se\u0301ance-4\" title=\"Se\u0301ance-4\" \/><\/a>\r\n                            <\/div>\r\n                                                <div class=\"item--body\">\r\n                            <div class=\"item--holder\">\r\n                                                                <h3 class=\"item--title\"><a href=\"https:\/\/acc.ueuromed.org\/en\/2025\/01\/23\/4th-plenary-session\/\">4th Plenary Session<\/a><\/h3>\r\n                                                                    <div class=\"item--content\">\r\n                                                                            <\/div>\r\n                                                                                                    <div class=\"item--readmore\">\r\n                                        <a class=\"btn-text2\" href=\"https:\/\/acc.ueuromed.org\/en\/2025\/01\/23\/4th-plenary-session\/\">\r\n                                            Read more                                            <i class=\"flaticonv2 flaticonv2-right-arrow\"><\/i>\r\n                                        <\/a>\r\n                                    <\/div>\r\n                                                            <\/div>\r\n                        <\/div>\r\n                    <\/div>\r\n                <\/div>\r\n                            <div class=\"grid-item col-xl-4 col-lg-6 col-md-6 col-sm-12 col-4 filter-category-75\">\r\n                    <div class=\"grid-item-inner \">\r\n                                                    <div class=\"item--featured\">\r\n                                <a href=\"https:\/\/acc.ueuromed.org\/en\/2025\/02\/12\/5th-plenary-session\/\"><img loading=\"lazy\" decoding=\"async\" class=\"disable-lazy no-lazyload \" src=\"https:\/\/acc.ueuromed.org\/wp-content\/uploads\/2025\/02\/Seance-5-680x410.jpg\" width=\"680\" height=\"410\" alt=\"Se\u0301ance-5\" title=\"Se\u0301ance-5\" \/><\/a>\r\n                            <\/div>\r\n                                                <div class=\"item--body\">\r\n                            <div class=\"item--holder\">\r\n                                                                <h3 class=\"item--title\"><a href=\"https:\/\/acc.ueuromed.org\/en\/2025\/02\/12\/5th-plenary-session\/\">5th Plenary Session<\/a><\/h3>\r\n                                                                    <div class=\"item--content\">\r\n                                                                            <\/div>\r\n                                                                                                    <div class=\"item--readmore\">\r\n                                        <a class=\"btn-text2\" href=\"https:\/\/acc.ueuromed.org\/en\/2025\/02\/12\/5th-plenary-session\/\">\r\n                                            Read more                                            <i class=\"flaticonv2 flaticonv2-right-arrow\"><\/i>\r\n                                        <\/a>\r\n                                    <\/div>\r\n                                                            <\/div>\r\n                        <\/div>\r\n                    <\/div>\r\n                <\/div>\r\n                            <div class=\"grid-item col-xl-4 col-lg-6 col-md-6 col-sm-12 col-4 filter-category-75\">\r\n                    <div class=\"grid-item-inner \">\r\n                                                    <div class=\"item--featured\">\r\n                                <a href=\"https:\/\/acc.ueuromed.org\/en\/2025\/02\/13\/6th-plenary-session\/\"><img loading=\"lazy\" decoding=\"async\" class=\"disable-lazy no-lazyload \" src=\"https:\/\/acc.ueuromed.org\/wp-content\/uploads\/2025\/02\/Seance-6-680x410.jpg\" width=\"680\" height=\"410\" alt=\"Se\u0301ance-6\" title=\"Se\u0301ance-6\" \/><\/a>\r\n                            <\/div>\r\n                                                <div class=\"item--body\">\r\n                            <div class=\"item--holder\">\r\n                                                                <h3 class=\"item--title\"><a href=\"https:\/\/acc.ueuromed.org\/en\/2025\/02\/13\/6th-plenary-session\/\">6th Plenary Session<\/a><\/h3>\r\n                                                                    <div class=\"item--content\">\r\n                                                                            <\/div>\r\n                                                                                                    <div class=\"item--readmore\">\r\n                                        <a class=\"btn-text2\" href=\"https:\/\/acc.ueuromed.org\/en\/2025\/02\/13\/6th-plenary-session\/\">\r\n                                            Read more                                            <i class=\"flaticonv2 flaticonv2-right-arrow\"><\/i>\r\n                                        <\/a>\r\n                                    <\/div>\r\n                                                            <\/div>\r\n                        <\/div>\r\n                    <\/div>\r\n                <\/div>\r\n                <\/div>\r\n        <\/div>\t\t\t\t<\/div>\n\t\t\t\t<\/div>\n\t\t\t\t\t<\/div>\n\t\t\t\t<\/div>\n\t\t\t\t<\/div>\n\t\t","protected":false},"excerpt":{"rendered":"<p>Plenary Sessions 1\u00e8re S\u00e9ance Pl\u00e9ni\u00e8re Read more 2\u00e8me S\u00e9ance pl\u00e9ni\u00e8re Read more 3\u00e8me S\u00e9ance pl\u00e9ni\u00e8re Read more 4\u00e8me S\u00e9ance pl\u00e9ni\u00e8re Read more 5\u00e8me S\u00e9ance pl\u00e9ni\u00e8re Read more 6\u00e8me S\u00e9ance pl\u00e9ni\u00e8re Read more<\/p>\n","protected":false},"author":1,"featured_media":0,"parent":0,"menu_order":0,"comment_status":"closed","ping_status":"closed","template":"","meta":{"postBodyCss":"","postBodyMargin":[],"postBodyPadding":[],"postBodyBackground":{"backgroundType":"classic","gradient":""},"cybocfi_hide_featured_image":"","footnotes":""},"class_list":["post-10598","page","type-page","status-publish","hentry"],"_links":{"self":[{"href":"https:\/\/acc.ueuromed.org\/en\/wp-json\/wp\/v2\/pages\/10598","targetHints":{"allow":["GET"]}}],"collection":[{"href":"https:\/\/acc.ueuromed.org\/en\/wp-json\/wp\/v2\/pages"}],"about":[{"href":"https:\/\/acc.ueuromed.org\/en\/wp-json\/wp\/v2\/types\/page"}],"author":[{"embeddable":true,"href":"https:\/\/acc.ueuromed.org\/en\/wp-json\/wp\/v2\/users\/1"}],"replies":[{"embeddable":true,"href":"https:\/\/acc.ueuromed.org\/en\/wp-json\/wp\/v2\/comments?post=10598"}],"version-history":[{"count":11,"href":"https:\/\/acc.ueuromed.org\/en\/wp-json\/wp\/v2\/pages\/10598\/revisions"}],"predecessor-version":[{"id":11057,"href":"https:\/\/acc.ueuromed.org\/en\/wp-json\/wp\/v2\/pages\/10598\/revisions\/11057"}],"wp:attachment":[{"href":"https:\/\/acc.ueuromed.org\/en\/wp-json\/wp\/v2\/media?parent=10598"}],"curies":[{"name":"wp","href":"https:\/\/api.w.org\/{rel}","templated":true}]}}