{"id":10424,"date":"2024-12-30T21:39:48","date_gmt":"2024-12-30T21:39:48","guid":{"rendered":"https:\/\/acc.ueuromed.org\/les-articles-en-anglais-devront-repondre-aux-conditions-suivantes\/"},"modified":"2025-03-10T11:16:56","modified_gmt":"2025-03-10T11:16:56","slug":"les-articles-en-anglais-devront-repondre-aux-conditions-suivantes","status":"publish","type":"page","link":"https:\/\/acc.ueuromed.org\/en\/les-articles-en-anglais-devront-repondre-aux-conditions-suivantes\/","title":{"rendered":"Articles in English must meet the following guidelines:"},"content":{"rendered":"\t\t<div data-elementor-type=\"wp-page\" data-elementor-id=\"10424\" class=\"elementor elementor-10424\">\n\t\t\t\t<div class=\"elementor-element elementor-element-54f85da7 e-flex e-con-boxed e-con e-parent\" data-id=\"54f85da7\" data-element_type=\"container\" data-e-type=\"container\">\n\t\t\t\t\t<div class=\"e-con-inner\">\n\t\t\t\t<div class=\"elementor-element elementor-element-e711022 exad-sticky-section-no exad-glass-effect-no elementor-widget elementor-widget-ct_heading\" data-id=\"e711022\" data-element_type=\"widget\" data-e-type=\"widget\" data-widget_type=\"ct_heading.default\">\n\t\t\t\t<div class=\"elementor-widget-container\">\n\t\t\t\t\t<div id=\"ct_heading-e711022\" class=\"ct-heading h-align-center sub-style1 ct-heading-left item-st-default\">\r\n\t<div class=\"ct-item--inner\">\r\n        <div class=\"ct-inline-css\"  data-css=\"\r\n            \">\r\n        <\/div>\r\n                <h5 class=\"item--title st-default case-animate-time\" data-wow-delay=\"ms\">\r\n                        <span class=\"sp-main\">\r\n                \r\n                Articles in English must meet the following guidelines:\r\n                \r\n                            <\/span>\r\n                    <\/h5>\r\n    <\/div>\r\n<\/div>\t\t\t\t<\/div>\n\t\t\t\t<\/div>\n\t\t\t\t\t<\/div>\n\t\t\t\t<\/div>\n\t\t<div class=\"elementor-element elementor-element-5c27f1c7 e-flex e-con-boxed e-con e-parent\" data-id=\"5c27f1c7\" data-element_type=\"container\" data-e-type=\"container\">\n\t\t\t\t\t<div class=\"e-con-inner\">\n\t\t\t\t<div class=\"elementor-element elementor-element-4005035d exad-sticky-section-no exad-glass-effect-no elementor-widget elementor-widget-text-editor\" data-id=\"4005035d\" data-element_type=\"widget\" data-e-type=\"widget\" data-widget_type=\"text-editor.default\">\n\t\t\t\t<div class=\"elementor-widget-container\">\n\t\t\t\t\t\t\t\t\t<p><strong><em>Language of the Article<\/em><\/strong><\/p><p>The articles are to be submitted in English.\u00a0<\/p><p><strong><em>Format of the Articles<\/em><\/strong><\/p><p>The articles are accepted in\u00a0<strong>DOC<\/strong>\u00a0or\u00a0<strong>DOCX.<\/strong>\u00a0format. The length of the article is to be comprised of 12 to 20 pages.<\/p><p>Texts have an average of 10 000 characters.<\/p><p>The title and subtitle of the article must be followed by the LAST NAME, and first name of the author and his\/her institutional affiliation.<\/p><p><strong><em>Authors\u2019 Affiliation<\/em><\/strong><\/p><p>The author\u2019s affiliation must be mentioned. If the author is affiliated to an academic or research institution or any other organization or company, it must appear alongside the title and\/or position occupied.<\/p><p><strong><em>Abstract and Key Words of the Article<\/em><\/strong><\/p><p>The abstract of the article has a maximum length of 10 \u2013 12 lines and it should include 5 \u2013 8 key words. The abstract provides a thorough and concise summary of the articles, tackling the following elements: the context, the objectives, the methodological approach and the main findings.<\/p><p><strong><em>Text Composition<\/em><\/strong><\/p><p>The body of the text should be presented in \u201cNormal\u201d style \u201cTimes New Roman\u201d with a font size of 12 points.\u00a0<\/p><ul class=\"wp-block-list\"><li><strong>Concerning the notes<\/strong>\u00a0used in the article should appear as footnotes, in numerical order (1,2,3,\u2026), in the same font as the rest of the text.<\/li><\/ul><p><strong><em>In-text citations and referencing<\/em><\/strong><\/p><ul class=\"wp-block-list\"><li><strong>The references\u00a0throughout the text<\/strong>\u00a0are to be presented as follows; Author\u2019s name year: page, between brackets.<\/li><\/ul><p><strong>For example:<\/strong>\u00a0(Author\u2019s last name year of publication: page number)<\/p><p><strong><em>Bibliographical References<\/em><\/strong><\/p><ul class=\"wp-block-list\"><li>Bibliographic references should be placed at the end of the article, in alphabetical order.<\/li><\/ul><ul class=\"wp-block-list\"><li><strong>Only works mentioned in the text are to be placed in the Bibliography.<\/strong><\/li><\/ul><p><strong>Please follow the recommendations below for citing your bibliographical resources:<\/strong><\/p><ul class=\"wp-block-list\"><li><strong>For\u00a0<em>Journal Articles<\/em>:<\/strong><\/li><\/ul><p>Author\u2019s name followed by initial(s) of 1st name(s) in capital letters then year of publication. \u201cTitle of the article\u201d,\u00a0<em>Title of the Journal<\/em>, volume : first and last page of the article.<\/p><h6><strong>\u00a0\u00a0\u00a0\u00a0\u00a0\u00a0\u00a0\u00a0\u00a0\u00a0\u00a0\u00a0\u00a0\u00a0\u00a0\u00a0\u00a0\u00a0\u00a0\u00a0\u00a0\u00a0\u00a0\u00a0\u00a0\u00a0\u00a0 <\/strong>For example:<\/h6><ul class=\"wp-block-list\"><li>PUTNAM R. D. 1995.\u00a0\u201cBowling Alone Revisited\u201d,\u00a0<em>Responsive Community<\/em>, 5: 18-33.<\/li><li>GARINE\u00a0I. (de) 1969. \u00ab\u00a0Pour une anthropologie de l\u2019alimentation\u00a0\u00bb,\u00a0<em>L\u2019Homme\u00a0<\/em>IX(4)\u00a0: 125-126.<\/li><\/ul><ul class=\"wp-block-list\"><li><strong>For\u00a0<em>Books<\/em>:<\/strong><\/li><\/ul><p>Name of the author in capital letters initials of the first name of the author. Year of Publication.\u00a0<em>Title of the Book in the original language<\/em>, place of edition: editor.<\/p><p><strong>For example:<\/strong><\/p><p>MOORE C.H. 1970.\u00a0<em>Politics in North Africa<\/em>. Boston: Little Brown and Co.<\/p><p>Name of the first author in capital letters initials of the first name of the first author, &amp; Name of the second author in capital letters initials of the first name of the second author. Year of publication.\u00a0<em>Title of the Book in the original language<\/em>, place of edition: editor.<\/p><p><strong>For example:<\/strong><\/p><p>GRAZER B. &amp; FISHMAN C. 2015.\u00a0<em>A Curious Mind: The Secret to a Bigger Life.<\/em>\u00a0New York : Simon &amp; Schuster.<\/p><ul class=\"wp-block-list\"><li><strong>For a co-edition:<\/strong><\/li><\/ul><p><strong>For example:<\/strong><\/p><p>P. HUNTINGTON S. &amp; H. MOORE C. (eds.). 1970.\u00a0<em>Authoritarian Politics in Modern Society. The Dynamics of Established One-Party Systems<\/em>. New York: Basic Books. 1970.<\/p><ul class=\"wp-block-list\"><li><strong>For a contribution in a collective book:<\/strong><\/li><\/ul><p>BOULY DE LESDAIN\u00a0S. 2002.\u00a0\u00ab\u00a0Alimentation et migration, une d\u00e9finition spatiale\u00a0\u00bb, in I. Garabuau-Moussaoui, E. Palomares &amp; D. Desjeux (eds.)\u00a0<em>Alimentations contemporaines<\/em>\u00a0: 173-189. Paris\u00a0: L\u2019Harmattan.<\/p><p>THOREAU H.D. 2016. \u201cWalking.\u201d In\u00a0<em>The Making of the American Essay<\/em>, in J. D\u2019Agata (ed.), 167\u201395. Minneapolis: Graywolf Press.<\/p><ul class=\"wp-block-list\"><li><strong>For a Thesis\/ PhD\u00a0:<\/strong><\/li><\/ul><p>VENTURA I OLLER M.\u00a01999.\u00a0<em>\u00c0 la crois\u00e9e des chemins. Identit\u00e9, rapports \u00e0 autrui et chamanisme chez les Tsachila d\u2019\u00c9quateur.<\/em>\u00a0Th\u00e8se de doctorat en anthropologie sociale et ethnologie. Paris\u00a0: EHESS.<\/p><p>HORVATH-PLYMAN M. 2018.\u00a0<em>Social media and the college student journey: An examination of how social media use impacts social capital and affects college choice, access, and transition.\u00a0<\/em>Doctoral Dissertation in Education. New York: New \u2013 York University.<\/p><ul class=\"wp-block-list\"><li>Concerning\u00a0<strong>\u00ab\u00a0Personal communication\u00a0\u00bb<\/strong>\u00a0or\u00a0<strong>\u00ab\u00a0unpublished data\u00a0\u00bb<\/strong>: They must be indicated as such.<\/li><\/ul><ul class=\"wp-block-list\"><li>Regarding references for books accepted for publication, but\u00a0<strong>not yet published<\/strong>, authors ought to adopt the same format used for referencing books, with the mention \u00abforthcoming\u00a0\u00bb.<\/li><\/ul><ul class=\"wp-block-list\"><li>For\u00a0<strong>online\/ electronic<\/strong>\u00a0publications:<\/li><\/ul><p>All internet resources used by the authors, in the framework of their articles, must be mentioned in the Bibliography, including the date of consultation:<\/p><p>The name or names of author(s) followed by the initial(s) of the first name(s) in capital letters, (year of publication), Title of the publication in the original language, name of the journal\/ editor, volume, web address and date of consultation.<\/p><p><strong>For example\u00a0:<\/strong><\/p><p>HUBERT A. 2001.\u00a0\u00ab\u00a0Alimentation et Sant\u00e9\u00a0: la Science et l\u2019imaginaire\u00a0\u00bb,\u00a0<em>Anthropology of food,\u00a0<\/em>accessed 17 September 2009: [http:\/\/aof.revues.org\/1108]<\/p><p>FELLUGA, D.\u00a02011 \u201c<em>Guide to Literary and Critical Theory\u201d<\/em>.\u00a0<em>Purdue University<\/em>, accessed 23 May 2023 :\u00a0 [www.cla.purdue.edu\/english\/theory\/]<\/p><ul class=\"wp-block-list\"><li>Concerning the\u00a0<strong>tables and illustrations:<\/strong><\/li><\/ul><ul class=\"wp-block-list\"><li>It is to be noted that illustrations shall be place within the body of the text. Also, the author shall make an explicit reference to the illustration in the text of his\/her article.<\/li><\/ul><p><strong>For example:<\/strong><\/p><p>Figure 3 : Title of the Figure<\/p><ul class=\"wp-block-list\"><li>The legend ought to be inserted if necessary.<\/li><li>The Credit of the Source must be indicated.<\/li><li>Titles of illustrations must be placed above. Legends must be placed under illustrations.<\/li><\/ul><ul class=\"wp-block-list\"><li>For the\u00a0<strong>Quotation Norms:<\/strong><\/li><\/ul><p><strong>The norms for referencing short and long quotations differ as follows:<\/strong><\/p><ul class=\"wp-block-list\"><li><strong>Concerning short quotations:<\/strong>\u00a0the authors shall insert the quotation within inverted commas in the body of the text. The citation must be followed by: the author\u2019s name, year of publication, page number, between brackets: (Smith RM 2001: 200).<br \/><ul class=\"wp-block-list\"><li>Concerning short quotations from interviews: between inverted commas, in italics, in the main body of the article.<\/li><\/ul><\/li><\/ul><ul class=\"wp-block-list\"><li><strong>Concerning longer quotation\u00a0<\/strong>(more than 5 lines): line feed, quotation between inverted commas, followed by author\u2019s name, year of publication, page number, between brackets: (Smith RM 2001: 199).<br \/><ul class=\"wp-block-list\"><li>As for longer quotations from interviews: line feed, quotation between inverted commas, italics.<\/li><\/ul><\/li><\/ul>\t\t\t\t\t\t\t\t<\/div>\n\t\t\t\t<\/div>\n\t\t\t\t\t<\/div>\n\t\t\t\t<\/div>\n\t\t\t\t<\/div>\n\t\t","protected":false},"excerpt":{"rendered":"<p>Articles in English must meet the following guidelines: Language of the Article The articles are to be submitted in English.\u00a0 Format of the Articles The articles are accepted in\u00a0DOC\u00a0or\u00a0DOCX.\u00a0format. The length of the article is to be comprised of 12 to 20 pages. Texts have an average of 10 000 characters. The title and subtitle [&hellip;]<\/p>\n","protected":false},"author":1,"featured_media":0,"parent":0,"menu_order":0,"comment_status":"closed","ping_status":"closed","template":"","meta":{"postBodyCss":"","postBodyMargin":[],"postBodyPadding":[],"postBodyBackground":{"backgroundType":"classic","gradient":""},"cybocfi_hide_featured_image":"","footnotes":""},"class_list":["post-10424","page","type-page","status-publish","hentry"],"_links":{"self":[{"href":"https:\/\/acc.ueuromed.org\/en\/wp-json\/wp\/v2\/pages\/10424","targetHints":{"allow":["GET"]}}],"collection":[{"href":"https:\/\/acc.ueuromed.org\/en\/wp-json\/wp\/v2\/pages"}],"about":[{"href":"https:\/\/acc.ueuromed.org\/en\/wp-json\/wp\/v2\/types\/page"}],"author":[{"embeddable":true,"href":"https:\/\/acc.ueuromed.org\/en\/wp-json\/wp\/v2\/users\/1"}],"replies":[{"embeddable":true,"href":"https:\/\/acc.ueuromed.org\/en\/wp-json\/wp\/v2\/comments?post=10424"}],"version-history":[{"count":5,"href":"https:\/\/acc.ueuromed.org\/en\/wp-json\/wp\/v2\/pages\/10424\/revisions"}],"predecessor-version":[{"id":11228,"href":"https:\/\/acc.ueuromed.org\/en\/wp-json\/wp\/v2\/pages\/10424\/revisions\/11228"}],"wp:attachment":[{"href":"https:\/\/acc.ueuromed.org\/en\/wp-json\/wp\/v2\/media?parent=10424"}],"curies":[{"name":"wp","href":"https:\/\/api.w.org\/{rel}","templated":true}]}}