{"id":10319,"date":"2024-12-30T21:47:38","date_gmt":"2024-12-30T21:47:38","guid":{"rendered":"https:\/\/acc.ueuromed.org\/acc-conferences\/"},"modified":"2025-04-24T09:32:59","modified_gmt":"2025-04-24T09:32:59","slug":"acc-conferences","status":"publish","type":"page","link":"https:\/\/acc.ueuromed.org\/en\/acc-conferences\/","title":{"rendered":"UNCAC Conferences"},"content":{"rendered":"\t\t<div data-elementor-type=\"wp-page\" data-elementor-id=\"10319\" class=\"elementor elementor-10319\">\n\t\t\t\t        <header class=\"elementor-section elementor-top-section elementor-element elementor-element-b1cb8be elementor-section-content-middle animated-slow elementor-section-boxed elementor-section-height-default elementor-section-height-default exad-glass-effect-no exad-sticky-section-no ct-header-fixed-none ct-row-max-none elementor-invisible\" data-id=\"b1cb8be\" data-element_type=\"section\" data-e-type=\"section\" data-settings=\"{&quot;background_background&quot;:&quot;classic&quot;,&quot;shape_divider_bottom&quot;:&quot;arrow&quot;,&quot;shape_divider_bottom_negative&quot;:&quot;yes&quot;,&quot;animation&quot;:&quot;fadeIn&quot;}\">\n                            <div class=\"elementor-background-overlay\"><\/div>\n                        <div class=\"elementor-shape elementor-shape-bottom\" data-negative=\"true\">\n            <svg xmlns=\"http:\/\/www.w3.org\/2000\/svg\" viewBox=\"0 0 700 10\" preserveAspectRatio=\"none\">\n\t<path class=\"elementor-shape-fill\" d=\"M360 0L350 9.9 340 0 0 0 0 10 700 10 700 0\"\/>\n<\/svg>        <\/div>\n        \n                        <div class=\"elementor-container elementor-column-gap-default \">\n                    <div class=\"elementor-column elementor-col-100 elementor-top-column elementor-element elementor-element-31487a87 exad-glass-effect-no exad-sticky-section-no\" data-id=\"31487a87\" data-element_type=\"column\" data-e-type=\"column\">\n        <div class=\"elementor-widget-wrap elementor-element-populated\">\n                    \n        \t\t<div class=\"elementor-element elementor-element-554238f4 exad-sticky-section-no exad-glass-effect-no elementor-widget elementor-widget-heading\" data-id=\"554238f4\" data-element_type=\"widget\" data-e-type=\"widget\" data-widget_type=\"heading.default\">\n\t\t\t\t<div class=\"elementor-widget-container\">\n\t\t\t\t\t<h1 class=\"elementor-heading-title elementor-size-xxl\">Conferences<\/h1>\t\t\t\t<\/div>\n\t\t\t\t<\/div>\n\t\t            <\/div>\n        <\/div>\n                    <\/div>\n        <\/header>\n        <div class=\"elementor-element elementor-element-4b8be486 e-flex e-con-boxed e-con e-parent\" data-id=\"4b8be486\" data-element_type=\"container\" data-e-type=\"container\">\n\t\t\t\t\t<div class=\"e-con-inner\">\n\t\t\t\t<div class=\"elementor-element elementor-element-1227e598 exad-sticky-section-no exad-glass-effect-no elementor-widget elementor-widget-ct_blog_grid\" data-id=\"1227e598\" data-element_type=\"widget\" data-e-type=\"widget\" data-widget_type=\"ct_blog_grid.default\">\n\t\t\t\t<div class=\"elementor-widget-container\">\n\t\t\t\t\t\r\n<div id=\"ct_blog_grid-1227e598\" class=\"ct-grid ct-blog-grid ct-blog-grid-layout4\" data-layout=\"masonry\" data-start-page=\"1\" data-max-pages=\"1\" data-total=\"5\" data-perpage=\"10\" data-next-link=\"\">\r\n    <div class=\"ct-grid-overlay\"><\/div>\r\n    \r\n    <div class=\"ct-grid-inner ct-grid-masonry row animate-time\" data-gutter=\"15\">\r\n                    <div class=\"grid-sizer col-xl-4 col-lg-4 col-md-6 col-sm-12 col-12\"><\/div>\r\n                                <div class=\"grid-item col-xl-4 col-lg-4 col-md-6 col-sm-12 col-12 filter-category-62\">\r\n                    <div class=\"grid-item-inner \">\r\n                                                    <div class=\"item--featured\">\r\n                                <a href=\"https:\/\/acc.ueuromed.org\/en\/2025\/11\/21\/thinking-the-state-in-the-age-of-global-shifts\/\"><img fetchpriority=\"high\" decoding=\"async\" class=\"disable-lazy no-lazyload \" src=\"https:\/\/acc.ueuromed.org\/wp-content\/uploads\/2025\/11\/Image-02-680x410.jpeg\" width=\"680\" height=\"410\" alt=\"Image 02\" title=\"Image 02\" \/><\/a>\r\n                            <\/div>\r\n                                                <div class=\"item--body\">\r\n                            <div class=\"item--holder\">\r\n                                                                <h3 class=\"item--title\"><a href=\"https:\/\/acc.ueuromed.org\/en\/2025\/11\/21\/thinking-the-state-in-the-age-of-global-shifts\/\">Thinking the State in the Age of Global Shifts<\/a><\/h3>\r\n                                                                    <div class=\"item--content\">\r\n                                                                            <\/div>\r\n                                                                                                    <div class=\"item--readmore\">\r\n                                        <a class=\"btn-text2\" href=\"https:\/\/acc.ueuromed.org\/en\/2025\/11\/21\/thinking-the-state-in-the-age-of-global-shifts\/\">\r\n                                            Read more                                            <i class=\"flaticonv2 flaticonv2-right-arrow\"><\/i>\r\n                                        <\/a>\r\n                                    <\/div>\r\n                                                            <\/div>\r\n                        <\/div>\r\n                    <\/div>\r\n                <\/div>\r\n                            <div class=\"grid-item col-xl-4 col-lg-4 col-md-6 col-sm-12 col-12 filter-category-62\">\r\n                    <div class=\"grid-item-inner \">\r\n                                                    <div class=\"item--featured\">\r\n                                <a href=\"https:\/\/acc.ueuromed.org\/en\/2025\/11\/19\/marche-de-larbitrage\/\"><img decoding=\"async\" class=\"disable-lazy no-lazyload \" src=\"https:\/\/acc.ueuromed.org\/wp-content\/uploads\/2025\/11\/DSC00269-680x410.jpeg\" width=\"680\" height=\"410\" alt=\"DSC00269\" title=\"DSC00269\" \/><\/a>\r\n                            <\/div>\r\n                                                <div class=\"item--body\">\r\n                            <div class=\"item--holder\">\r\n                                                                <h3 class=\"item--title\"><a href=\"https:\/\/acc.ueuromed.org\/en\/2025\/11\/19\/marche-de-larbitrage\/\">Pr Walid BEN HAMIDA sur la question du \u00ab march\u00e9 de l\u2019arbitrage \u00bb<\/a><\/h3>\r\n                                                                    <div class=\"item--content\">\r\n                                                                            <\/div>\r\n                                                                                                    <div class=\"item--readmore\">\r\n                                        <a class=\"btn-text2\" href=\"https:\/\/acc.ueuromed.org\/en\/2025\/11\/19\/marche-de-larbitrage\/\">\r\n                                            Read more                                            <i class=\"flaticonv2 flaticonv2-right-arrow\"><\/i>\r\n                                        <\/a>\r\n                                    <\/div>\r\n                                                            <\/div>\r\n                        <\/div>\r\n                    <\/div>\r\n                <\/div>\r\n                            <div class=\"grid-item col-xl-4 col-lg-4 col-md-6 col-sm-12 col-12 filter-category-62\">\r\n                    <div class=\"grid-item-inner \">\r\n                                                    <div class=\"item--featured\">\r\n                                <a href=\"https:\/\/acc.ueuromed.org\/en\/2024\/12\/31\/perspectives-des-zones-de-conflit\/\"><img decoding=\"async\" class=\"disable-lazy no-lazyload \" src=\"https:\/\/acc.ueuromed.org\/wp-content\/uploads\/2024\/12\/Fes-1photo_2023-12-09_08-08-05-1-680x410.jpg\" width=\"680\" height=\"410\" alt=\"Fes 1photo_2023-12-09_08-08-05\" title=\"Fes 1photo_2023-12-09_08-08-05\" \/><\/a>\r\n                            <\/div>\r\n                                                <div class=\"item--body\">\r\n                            <div class=\"item--holder\">\r\n                                                                <h3 class=\"item--title\"><a href=\"https:\/\/acc.ueuromed.org\/en\/2024\/12\/31\/perspectives-des-zones-de-conflit\/\">Perspectives des zones de conflit<\/a><\/h3>\r\n                                                                    <div class=\"item--content\">\r\n                                                                            <\/div>\r\n                                                                                                    <div class=\"item--readmore\">\r\n                                        <a class=\"btn-text2\" href=\"https:\/\/acc.ueuromed.org\/en\/2024\/12\/31\/perspectives-des-zones-de-conflit\/\">\r\n                                            Read more                                            <i class=\"flaticonv2 flaticonv2-right-arrow\"><\/i>\r\n                                        <\/a>\r\n                                    <\/div>\r\n                                                            <\/div>\r\n                        <\/div>\r\n                    <\/div>\r\n                <\/div>\r\n                            <div class=\"grid-item col-xl-4 col-lg-4 col-md-6 col-sm-12 col-12 filter-category-62\">\r\n                    <div class=\"grid-item-inner \">\r\n                                                    <div class=\"item--featured\">\r\n                                <a href=\"https:\/\/acc.ueuromed.org\/en\/2024\/12\/31\/prof-ghazi-gherairi\/\"><img loading=\"lazy\" decoding=\"async\" class=\"disable-lazy no-lazyload \" src=\"https:\/\/acc.ueuromed.org\/wp-content\/uploads\/2024\/12\/Prof.-Ghazi-Gherairi-03-1-680x410.webp\" width=\"680\" height=\"410\" alt=\"Prof. Ghazi Gherairi 03\" title=\"Prof. Ghazi Gherairi 03\" \/><\/a>\r\n                            <\/div>\r\n                                                <div class=\"item--body\">\r\n                            <div class=\"item--holder\">\r\n                                                                <h3 class=\"item--title\"><a href=\"https:\/\/acc.ueuromed.org\/en\/2024\/12\/31\/prof-ghazi-gherairi\/\">Quelles alliances pour quel monde en 2024 ?<\/a><\/h3>\r\n                                                                    <div class=\"item--content\">\r\n                                                                            <\/div>\r\n                                                                                                    <div class=\"item--readmore\">\r\n                                        <a class=\"btn-text2\" href=\"https:\/\/acc.ueuromed.org\/en\/2024\/12\/31\/prof-ghazi-gherairi\/\">\r\n                                            Read more                                            <i class=\"flaticonv2 flaticonv2-right-arrow\"><\/i>\r\n                                        <\/a>\r\n                                    <\/div>\r\n                                                            <\/div>\r\n                        <\/div>\r\n                    <\/div>\r\n                <\/div>\r\n                            <div class=\"grid-item col-xl-4 col-lg-4 col-md-6 col-sm-12 col-12 filter-category-62\">\r\n                    <div class=\"grid-item-inner \">\r\n                                                    <div class=\"item--featured\">\r\n                                <a href=\"https:\/\/acc.ueuromed.org\/en\/2024\/12\/31\/pr-james-f-hollifield-a-luniversite-euromed-de-fes\/\"><img loading=\"lazy\" decoding=\"async\" class=\"disable-lazy no-lazyload \" src=\"https:\/\/acc.ueuromed.org\/wp-content\/uploads\/2024\/12\/Pr.-James-F.-Hollifield-01-1-680x410.webp\" width=\"680\" height=\"410\" alt=\"Pr. James F. Hollifield 01\" title=\"Pr. James F. Hollifield 01\" \/><\/a>\r\n                            <\/div>\r\n                                                <div class=\"item--body\">\r\n                            <div class=\"item--holder\">\r\n                                                                <h3 class=\"item--title\"><a href=\"https:\/\/acc.ueuromed.org\/en\/2024\/12\/31\/pr-james-f-hollifield-a-luniversite-euromed-de-fes\/\">Pr. James F. Hollifield \u00e0 l&#8217;Universit\u00e9 Euromed de F\u00e8s<\/a><\/h3>\r\n                                                                    <div class=\"item--content\">\r\n                                                                            <\/div>\r\n                                                                                                    <div class=\"item--readmore\">\r\n                                        <a class=\"btn-text2\" href=\"https:\/\/acc.ueuromed.org\/en\/2024\/12\/31\/pr-james-f-hollifield-a-luniversite-euromed-de-fes\/\">\r\n                                            Read more                                            <i class=\"flaticonv2 flaticonv2-right-arrow\"><\/i>\r\n                                        <\/a>\r\n                                    <\/div>\r\n                                                            <\/div>\r\n                        <\/div>\r\n                    <\/div>\r\n                <\/div>\r\n                <\/div>\r\n        <\/div>\t\t\t\t<\/div>\n\t\t\t\t<\/div>\n\t\t\t\t\t<\/div>\n\t\t\t\t<\/div>\n\t\t\t\t<\/div>\n\t\t","protected":false},"excerpt":{"rendered":"<p>Conferences le s\u00e9minaire de la professeure Lola Ba\u00f1on Castell\u00f3n sur les dynamiques g\u00e9opolitiques des XXe et XXIe si\u00e8cles Read more Pr. Ghazi Gherairi \u00e0 l&#8217;Universit\u00e9 Euromed de F\u00e8s Read more Pr. James F. Hollifield \u00e0 l&#8217;Universit\u00e9 Euromed de F\u00e8s Read more<\/p>\n","protected":false},"author":1,"featured_media":0,"parent":0,"menu_order":0,"comment_status":"closed","ping_status":"closed","template":"","meta":{"postBodyCss":"","postBodyMargin":[],"postBodyPadding":[],"postBodyBackground":{"backgroundType":"classic","gradient":""},"cybocfi_hide_featured_image":"","footnotes":""},"class_list":["post-10319","page","type-page","status-publish","hentry"],"_links":{"self":[{"href":"https:\/\/acc.ueuromed.org\/en\/wp-json\/wp\/v2\/pages\/10319","targetHints":{"allow":["GET"]}}],"collection":[{"href":"https:\/\/acc.ueuromed.org\/en\/wp-json\/wp\/v2\/pages"}],"about":[{"href":"https:\/\/acc.ueuromed.org\/en\/wp-json\/wp\/v2\/types\/page"}],"author":[{"embeddable":true,"href":"https:\/\/acc.ueuromed.org\/en\/wp-json\/wp\/v2\/users\/1"}],"replies":[{"embeddable":true,"href":"https:\/\/acc.ueuromed.org\/en\/wp-json\/wp\/v2\/comments?post=10319"}],"version-history":[{"count":33,"href":"https:\/\/acc.ueuromed.org\/en\/wp-json\/wp\/v2\/pages\/10319\/revisions"}],"predecessor-version":[{"id":13556,"href":"https:\/\/acc.ueuromed.org\/en\/wp-json\/wp\/v2\/pages\/10319\/revisions\/13556"}],"wp:attachment":[{"href":"https:\/\/acc.ueuromed.org\/en\/wp-json\/wp\/v2\/media?parent=10319"}],"curies":[{"name":"wp","href":"https:\/\/api.w.org\/{rel}","templated":true}]}}